{"id":606,"date":"2022-10-06T12:32:45","date_gmt":"2022-10-06T12:32:45","guid":{"rendered":"https:\/\/xstore.8theme.com\/elementor\/demos\/hemp-and-cbd\/?post_type=product&#038;p=606"},"modified":"2025-01-24T05:08:21","modified_gmt":"2025-01-24T05:08:21","slug":"3-cmc-cristal","status":"publish","type":"product","link":"https:\/\/chemagora.eu\/fr\/produit\/3-cmc-cristal\/","title":{"rendered":"Cristal 3-CMC"},"content":{"rendered":"<div data-elementor-type=\"wp-post\" data-elementor-id=\"606\" class=\"elementor elementor-606\" data-elementor-post-type=\"product\">\n\t\t\t\t\t\t<section class=\"elementor-section elementor-top-section elementor-element elementor-element-311c28f elementor-section-boxed elementor-section-height-default elementor-section-height-default\" data-id=\"311c28f\" data-element_type=\"section\" data-e-type=\"section\">\n\t\t\t\t\t\t<div class=\"elementor-container elementor-column-gap-no\">\n\t\t\t\t\t<div class=\"elementor-column elementor-col-100 elementor-top-column elementor-element elementor-element-b63e148\" data-id=\"b63e148\" data-element_type=\"column\" data-e-type=\"column\">\n\t\t\t<div class=\"elementor-widget-wrap elementor-element-populated\">\n\t\t\t\t\t\t<div class=\"elementor-element elementor-element-cd6f169 elementor-widget elementor-widget-heading\" data-id=\"cd6f169\" data-element_type=\"widget\" data-e-type=\"widget\" data-widget_type=\"heading.default\">\n\t\t\t\t<div class=\"elementor-widget-container\">\n\t\t\t\t\t<h2 class=\"elementor-heading-title elementor-size-default\">Acheter 3-CMC Crystals en ligne | Premium Research Chemicals from Chemagora<\/h2>\t\t\t\t<\/div>\n\t\t\t\t<\/div>\n\t\t\t\t<div class=\"elementor-element elementor-element-98c7c3c elementor-widget elementor-widget-text-editor\" data-id=\"98c7c3c\" data-element_type=\"widget\" data-e-type=\"widget\" data-widget_type=\"text-editor.default\">\n\t\t\t\t<div class=\"elementor-widget-container\">\n\t\t\t\t\t\t\t\t\t<p>\u00c0 la recherche du meilleur <strong>Cristaux de 3-CMC<\/strong> pour soutenir votre recherche ? Chez Chemagora, nous fournissons des compos\u00e9s de qualit\u00e9 sup\u00e9rieure auxquels les chercheurs et les laboratoires font confiance dans toute l'Europe. De l'Allemagne \u00e0 la France en passant par l'Espagne, l'Italie et les Pays-Bas, notre mission est de fournir des produits chimiques fiables et de haute puret\u00e9, adapt\u00e9s aux progr\u00e8s scientifiques.<\/p>\t\t\t\t\t\t\t\t<\/div>\n\t\t\t\t<\/div>\n\t\t\t\t<div class=\"elementor-element elementor-element-08c73ab elementor-widget elementor-widget-heading\" data-id=\"08c73ab\" data-element_type=\"widget\" data-e-type=\"widget\" data-widget_type=\"heading.default\">\n\t\t\t\t<div class=\"elementor-widget-container\">\n\t\t\t\t\t<h2 class=\"elementor-heading-title elementor-size-default\">Qu&#039;est-ce que le 3-CMC?<\/h2>\t\t\t\t<\/div>\n\t\t\t\t<\/div>\n\t\t\t\t<div class=\"elementor-element elementor-element-dcabb09 elementor-widget elementor-widget-text-editor\" data-id=\"dcabb09\" data-element_type=\"widget\" data-e-type=\"widget\" data-widget_type=\"text-editor.default\">\n\t\t\t\t<div class=\"elementor-widget-container\">\n\t\t\t\t\t\t\t\t\t<p><strong>3-chlorom\u00e9thcathinone (3-CMC)<\/strong> est une cathinone synth\u00e9tique largement \u00e9tudi\u00e9e pour ses propri\u00e9t\u00e9s chimiques uniques. Elle est structurellement apparent\u00e9e aux d\u00e9riv\u00e9s de la m\u00e9thcathinone, <a href=\"https:\/\/chemagora.eu\/fr\/produit\/3-cmc-en-poudre\/\"  data-wpil-monitor-id=\"14\">Le 3-CMC est reconnu dans le domaine de la recherche<\/a> pour ses r\u00e9sultats constants et sa facilit\u00e9 d'application. Sa forme cristalline garantit la pr\u00e9cision des travaux de laboratoire, ce qui en fait un choix de premier ordre pour les professionnels sur le terrain.<\/p>\t\t\t\t\t\t\t\t<\/div>\n\t\t\t\t<\/div>\n\t\t\t\t\t<\/div>\n\t\t<\/div>\n\t\t\t\t\t<\/div>\n\t\t<\/section>\n\t\t\t\t<section class=\"elementor-section elementor-top-section elementor-element elementor-element-74c9c28 elementor-section-boxed elementor-section-height-default elementor-section-height-default\" data-id=\"74c9c28\" data-element_type=\"section\" data-e-type=\"section\" data-settings=\"{&quot;background_background&quot;:&quot;classic&quot;}\">\n\t\t\t\t\t\t<div class=\"elementor-container elementor-column-gap-no\">\n\t\t\t\t\t<div class=\"elementor-column elementor-col-33 elementor-top-column elementor-element elementor-element-56ff479\" data-id=\"56ff479\" data-element_type=\"column\" data-e-type=\"column\">\n\t\t\t<div class=\"elementor-widget-wrap elementor-element-populated\">\n\t\t\t\t\t\t<div class=\"elementor-element elementor-element-904b596 elementor-widget elementor-widget-heading\" data-id=\"904b596\" data-element_type=\"widget\" data-e-type=\"widget\" data-widget_type=\"heading.default\">\n\t\t\t\t<div class=\"elementor-widget-container\">\n\t\t\t\t\t<h2 class=\"elementor-heading-title elementor-size-default\">Informations chimiques<\/h2>\t\t\t\t<\/div>\n\t\t\t\t<\/div>\n\t\t\t\t<div class=\"elementor-element elementor-element-7574a96 elementor-widget elementor-widget-text-editor\" data-id=\"7574a96\" data-element_type=\"widget\" data-e-type=\"widget\" data-widget_type=\"text-editor.default\">\n\t\t\t\t<div class=\"elementor-widget-container\">\n\t\t\t\t\t\t\t\t\t<ul><li><strong>Nom chimique :<\/strong> 3-chlorom\u00e9thcathinone<\/li><li><strong>Num\u00e9ro CAS :<\/strong> 1049677-59-9<\/li><li><strong>Formule mol\u00e9culaire :<\/strong> C10H12ClNO<\/li><li><strong>Masse molaire :<\/strong> 197,66 g\/mol<\/li><li><strong>Nom de l&#039;UICPA :<\/strong> 1-(3-chloroph\u00e9nyl)-2-(m\u00e9thylamino)-1-propanone<\/li><\/ul>\t\t\t\t\t\t\t\t<\/div>\n\t\t\t\t<\/div>\n\t\t\t\t\t<\/div>\n\t\t<\/div>\n\t\t\t\t<div class=\"elementor-column elementor-col-33 elementor-top-column elementor-element elementor-element-c4baae4\" data-id=\"c4baae4\" data-element_type=\"column\" data-e-type=\"column\">\n\t\t\t<div class=\"elementor-widget-wrap elementor-element-populated\">\n\t\t\t\t\t\t<div class=\"elementor-element elementor-element-e80f4eb elementor-widget elementor-widget-heading\" data-id=\"e80f4eb\" data-element_type=\"widget\" data-e-type=\"widget\" data-widget_type=\"heading.default\">\n\t\t\t\t<div class=\"elementor-widget-container\">\n\t\t\t\t\t<h2 class=\"elementor-heading-title elementor-size-default\">Propri\u00e9t\u00e9s physiques et chimiques<\/h2>\t\t\t\t<\/div>\n\t\t\t\t<\/div>\n\t\t\t\t<div class=\"elementor-element elementor-element-405bc6d elementor-widget elementor-widget-text-editor\" data-id=\"405bc6d\" data-element_type=\"widget\" data-e-type=\"widget\" data-widget_type=\"text-editor.default\">\n\t\t\t\t<div class=\"elementor-widget-container\">\n\t\t\t\t\t\t\t\t\t<ul><li><strong>Formulaire:<\/strong> Poudre cristalline blanche<\/li><li><strong>Puret\u00e9:<\/strong> \u226599% (test\u00e9 en laboratoire)<\/li><li><strong>Point de fusion:<\/strong> ~178\u2013179\u00b0C<\/li><li><strong>Solubilit\u00e9:<\/strong> Soluble dans l&#039;eau, l&#039;\u00e9thanol et le m\u00e9thanol<\/li><li><strong>Stabilit\u00e9:<\/strong> Stable dans des conditions de stockage appropri\u00e9es<\/li><\/ul>\t\t\t\t\t\t\t\t<\/div>\n\t\t\t\t<\/div>\n\t\t\t\t\t<\/div>\n\t\t<\/div>\n\t\t\t\t<div class=\"elementor-column elementor-col-33 elementor-top-column elementor-element elementor-element-6d5b118\" data-id=\"6d5b118\" data-element_type=\"column\" data-e-type=\"column\">\n\t\t\t<div class=\"elementor-widget-wrap elementor-element-populated\">\n\t\t\t\t\t\t<div class=\"elementor-element elementor-element-06aa6c5 elementor-widget elementor-widget-heading\" data-id=\"06aa6c5\" data-element_type=\"widget\" data-e-type=\"widget\" data-widget_type=\"heading.default\">\n\t\t\t\t<div class=\"elementor-widget-container\">\n\t\t\t\t\t<h2 class=\"elementor-heading-title elementor-size-default\">Donn\u00e9es analytiques<\/h2>\t\t\t\t<\/div>\n\t\t\t\t<\/div>\n\t\t\t\t<div class=\"elementor-element elementor-element-16e3ecf elementor-widget elementor-widget-text-editor\" data-id=\"16e3ecf\" data-element_type=\"widget\" data-e-type=\"widget\" data-widget_type=\"text-editor.default\">\n\t\t\t\t<div class=\"elementor-widget-container\">\n\t\t\t\t\t\t\t\t\t<ul><li><strong>RMN (R\u00e9sonance Magn\u00e9tique Nucl\u00e9aire) :<\/strong> Confirme la structure mol\u00e9culaire.<\/li><li><strong>Spectrom\u00e9trie de masse (MS) :<\/strong> Valide le poids mol\u00e9culaire de 197,66 g\/mol.<\/li><li><strong>FTIR (Spectroscopie infrarouge \u00e0 transform\u00e9e de Fourier) :<\/strong> Correspond aux spectres de r\u00e9f\u00e9rence standard pour 3-CMC.<\/li><\/ul>\t\t\t\t\t\t\t\t<\/div>\n\t\t\t\t<\/div>\n\t\t\t\t\t<\/div>\n\t\t<\/div>\n\t\t\t\t\t<\/div>\n\t\t<\/section>\n\t\t\t\t<section class=\"elementor-section elementor-top-section elementor-element elementor-element-80fcea5 elementor-section-boxed elementor-section-height-default elementor-section-height-default\" data-id=\"80fcea5\" data-element_type=\"section\" data-e-type=\"section\">\n\t\t\t\t\t\t<div class=\"elementor-container elementor-column-gap-no\">\n\t\t\t\t\t<div class=\"elementor-column elementor-col-100 elementor-top-column elementor-element elementor-element-5a6e6ac\" data-id=\"5a6e6ac\" data-element_type=\"column\" data-e-type=\"column\">\n\t\t\t<div class=\"elementor-widget-wrap elementor-element-populated\">\n\t\t\t\t\t\t<div class=\"elementor-element elementor-element-d4b3dc1 elementor-widget elementor-widget-heading\" data-id=\"d4b3dc1\" data-element_type=\"widget\" data-e-type=\"widget\" data-widget_type=\"heading.default\">\n\t\t\t\t<div class=\"elementor-widget-container\">\n\t\t\t\t\t<h2 class=\"elementor-heading-title elementor-size-default\">Pourquoi choisir Chemagora pour vos cristaux de 3-CMC ?<\/h2>\t\t\t\t<\/div>\n\t\t\t\t<\/div>\n\t\t\t\t<div class=\"elementor-element elementor-element-fe91d8e elementor-widget elementor-widget-text-editor\" data-id=\"fe91d8e\" data-element_type=\"widget\" data-e-type=\"widget\" data-widget_type=\"text-editor.default\">\n\t\t\t\t<div class=\"elementor-widget-container\">\n\t\t\t\t\t\t\t\t\t<ul><li><h4><strong>1. Une puret\u00e9 in\u00e9gal\u00e9e<\/strong><\/h4><p>Nos cristaux de 3-CMC sont test\u00e9s en laboratoire pour garantir une puret\u00e9 de <strong>\u226599%<\/strong>Le syst\u00e8me de contr\u00f4le de la qualit\u00e9 de l'eau permet de garantir un produit constant et exempt de contamination pour vos besoins en mati\u00e8re de recherche.<\/p><h4><strong>2. Forme cristalline sup\u00e9rieure<\/strong><\/h4><p>La structure cristalline blanche du produit le rend facile \u00e0 manipuler, \u00e0 mesurer et \u00e0 appliquer avec pr\u00e9cision dans les exp\u00e9riences de laboratoire.<\/p><h4><strong>3. Appr\u00e9ci\u00e9 dans toute l&#039;Europe<\/strong><\/h4><p>Les chercheurs d'Amsterdam \u00e0 Madrid, de Berlin \u00e0 Rome, comptent sur Chemagora pour obtenir des produits chimiques de haute qualit\u00e9. Nous sommes fiers de servir les institutions et les professionnels dans toute l'Europe.<\/p><h4><strong>4. Exp\u00e9dition rapide et s\u00e9curis\u00e9e<\/strong><\/h4><p>Nous savons \u00e0 quel point il est important de respecter les d\u00e9lais de livraison. C'est pourquoi toutes les commandes sont trait\u00e9es rapidement, avec un emballage discret et s\u00e9curis\u00e9 pour garantir que votre produit arrive en toute s\u00e9curit\u00e9.<\/p><h4><strong>5. Support client expert<\/strong><\/h4><p>Notre \u00e9quipe d\u00e9vou\u00e9e est l\u00e0 pour vous aider \u00e0 chaque \u00e9tape. Que vous ayez des questions sur le produit ou que vous ayez besoin d'aide pour passer votre commande, nous sommes l\u00e0 pour vous aider.<\/p><\/li><\/ul>\t\t\t\t\t\t\t\t<\/div>\n\t\t\t\t<\/div>\n\t\t\t\t<div class=\"elementor-element elementor-element-5f1246e elementor-widget elementor-widget-heading\" data-id=\"5f1246e\" data-element_type=\"widget\" data-e-type=\"widget\" data-widget_type=\"heading.default\">\n\t\t\t\t<div class=\"elementor-widget-container\">\n\t\t\t\t\t<h2 class=\"elementor-heading-title elementor-size-default\">Conformit\u00e9 l\u00e9gale<\/h2>\t\t\t\t<\/div>\n\t\t\t\t<\/div>\n\t\t\t\t<div class=\"elementor-element elementor-element-17ae0f6 elementor-widget elementor-widget-text-editor\" data-id=\"17ae0f6\" data-element_type=\"widget\" data-e-type=\"widget\" data-widget_type=\"text-editor.default\">\n\t\t\t\t<div class=\"elementor-widget-container\">\n\t\t\t\t\t\t\t\t\t<p>Le statut juridique de <strong>Cristaux de 3-CMC<\/strong> peuvent varier en fonction de votre lieu de r\u00e9sidence. Il incombe \u00e0 l'acheteur de s'assurer de la conformit\u00e9 avec les lois locales avant d'acheter ou d'utiliser ce produit.<\/p>\t\t\t\t\t\t\t\t<\/div>\n\t\t\t\t<\/div>\n\t\t\t\t<div class=\"elementor-element elementor-element-a8098dc elementor-alert-info elementor-widget elementor-widget-alert\" data-id=\"a8098dc\" data-element_type=\"widget\" data-e-type=\"widget\" data-widget_type=\"alert.default\">\n\t\t\t\t<div class=\"elementor-widget-container\">\n\t\t\t\t\t\t\t<div class=\"elementor-alert\" role=\"alert\">\n\n\t\t\t\t\t\t<span class=\"elementor-alert-title\">Clause de non-responsabilit\u00e9<\/span>\n\t\t\t\n\t\t\t\t\t\t<span class=\"elementor-alert-description\">Ce produit est strictement destin\u00e9 \u00e0 des fins de recherche et d&#039;analyse uniquement. Il n&#039;est en aucun cas destin\u00e9 \u00e0 la consommation humaine ou animale.<\/span>\n\t\t\t\n\t\t\t\t\t\t<button type=\"button\" class=\"elementor-alert-dismiss\" aria-label=\"Supprimer cette alerte.\">\n\t\t\t\t\t\t\t\t\t<span aria-hidden=\"true\">\u00d7<\/span>\n\t\t\t\t\t\t\t<\/button>\n\t\t\t\n\t\t<\/div>\n\t\t\t\t\t\t<\/div>\n\t\t\t\t<\/div>\n\t\t\t\t<div class=\"elementor-element elementor-element-8448d87 elementor-widget elementor-widget-heading\" data-id=\"8448d87\" data-element_type=\"widget\" data-e-type=\"widget\" data-widget_type=\"heading.default\">\n\t\t\t\t<div class=\"elementor-widget-container\">\n\t\t\t\t\t<h2 class=\"elementor-heading-title elementor-size-default\">Commandez vos cristaux 3-CMC d\u00e8s aujourd'hui<\/h2>\t\t\t\t<\/div>\n\t\t\t\t<\/div>\n\t\t\t\t<div class=\"elementor-element elementor-element-0fbcd04 elementor-widget elementor-widget-text-editor\" data-id=\"0fbcd04\" data-element_type=\"widget\" data-e-type=\"widget\" data-widget_type=\"text-editor.default\">\n\t\t\t\t<div class=\"elementor-widget-container\">\n\t\t\t\t\t\t\t\t\t<p>Transformez votre recherche avec Chemagora <strong>Cristaux de 3-CMC de premi\u00e8re qualit\u00e9<\/strong>. Profitez d'une qualit\u00e9 in\u00e9gal\u00e9e, d'une livraison rapide et d'une assistance exceptionnelle. Rejoignez les chercheurs de toute l'Europe qui font confiance \u00e0 Chemagora pour la fiabilit\u00e9 de ses produits. <a href=\"https:\/\/chemagora.eu\/fr\/produit\/4-mmc-cristal\/\"  data-wpil-monitor-id=\"12\">produits chimiques de recherche<\/a>.<\/p><p>\u00a0<\/p>\t\t\t\t\t\t\t\t<\/div>\n\t\t\t\t<\/div>\n\t\t\t\t\t<\/div>\n\t\t<\/div>\n\t\t\t\t\t<\/div>\n\t\t<\/section>\n\t\t\t\t<\/div>","protected":false},"excerpt":{"rendered":"<p>Produit chimique de recherche test\u00e9 avec pr\u00e9cision, conforme, fiable et livr\u00e9 avec pr\u00e9cision et soin.<\/p>","protected":false},"featured_media":1698,"comment_status":"open","ping_status":"closed","template":"","meta":{"inline_featured_image":false},"etheme_brands":[],"product_brand":[],"product_cat":[39],"product_tag":[55,56,48],"class_list":{"0":"post-606","1":"product","2":"type-product","3":"status-publish","4":"has-post-thumbnail","6":"product_cat-3-cmc","7":"product_tag-buy-3-cmc","8":"product_tag-buy-buy-3-cmc-online","9":"product_tag-research-chemicals","11":"first","12":"instock","13":"shipping-taxable","14":"purchasable","15":"product-type-variable"},"_links":{"self":[{"href":"https:\/\/chemagora.eu\/fr\/wp-json\/wp\/v2\/product\/606","targetHints":{"allow":["GET"]}}],"collection":[{"href":"https:\/\/chemagora.eu\/fr\/wp-json\/wp\/v2\/product"}],"about":[{"href":"https:\/\/chemagora.eu\/fr\/wp-json\/wp\/v2\/types\/product"}],"replies":[{"embeddable":true,"href":"https:\/\/chemagora.eu\/fr\/wp-json\/wp\/v2\/comments?post=606"}],"version-history":[{"count":0,"href":"https:\/\/chemagora.eu\/fr\/wp-json\/wp\/v2\/product\/606\/revisions"}],"wp:featuredmedia":[{"embeddable":true,"href":"https:\/\/chemagora.eu\/fr\/wp-json\/wp\/v2\/media\/1698"}],"wp:attachment":[{"href":"https:\/\/chemagora.eu\/fr\/wp-json\/wp\/v2\/media?parent=606"}],"wp:term":[{"taxonomy":"brand","embeddable":true,"href":"https:\/\/chemagora.eu\/fr\/wp-json\/wp\/v2\/etheme_brands?post=606"},{"taxonomy":"product_brand","embeddable":true,"href":"https:\/\/chemagora.eu\/fr\/wp-json\/wp\/v2\/product_brand?post=606"},{"taxonomy":"product_cat","embeddable":true,"href":"https:\/\/chemagora.eu\/fr\/wp-json\/wp\/v2\/product_cat?post=606"},{"taxonomy":"product_tag","embeddable":true,"href":"https:\/\/chemagora.eu\/fr\/wp-json\/wp\/v2\/product_tag?post=606"}],"curies":[{"name":"wp","href":"https:\/\/api.w.org\/{rel}","templated":true}]}}