{"id":610,"date":"2022-10-06T12:32:46","date_gmt":"2022-10-06T12:32:46","guid":{"rendered":"https:\/\/xstore.8theme.com\/elementor\/demos\/hemp-and-cbd\/?post_type=product&#038;p=610"},"modified":"2025-01-24T04:20:58","modified_gmt":"2025-01-24T04:20:58","slug":"poudre-de-4-mmc","status":"publish","type":"product","link":"https:\/\/chemagora.eu\/fr\/produit\/poudre-de-4-mmc\/","title":{"rendered":"Poudre de 4-MMC"},"content":{"rendered":"<div data-elementor-type=\"wp-post\" data-elementor-id=\"610\" class=\"elementor elementor-610\" data-elementor-post-type=\"product\">\n\t\t\t\t\t\t<section class=\"elementor-section elementor-top-section elementor-element elementor-element-c7a5a1d elementor-section-boxed elementor-section-height-default elementor-section-height-default\" data-id=\"c7a5a1d\" data-element_type=\"section\" data-e-type=\"section\">\n\t\t\t\t\t\t<div class=\"elementor-container elementor-column-gap-no\">\n\t\t\t\t\t<div class=\"elementor-column elementor-col-100 elementor-top-column elementor-element elementor-element-3546256\" data-id=\"3546256\" data-element_type=\"column\" data-e-type=\"column\">\n\t\t\t<div class=\"elementor-widget-wrap elementor-element-populated\">\n\t\t\t\t\t\t<div class=\"elementor-element elementor-element-a1dc92a elementor-widget elementor-widget-heading\" data-id=\"a1dc92a\" data-element_type=\"widget\" data-e-type=\"widget\" data-widget_type=\"heading.default\">\n\t\t\t\t<div class=\"elementor-widget-container\">\n\t\t\t\t\t<h2 class=\"elementor-heading-title elementor-size-default\">Buy 4-MMC Powder Online | High-Purity Research Chemical from Chemagora<\/h2>\t\t\t\t<\/div>\n\t\t\t\t<\/div>\n\t\t\t\t<div class=\"elementor-element elementor-element-27811b6 elementor-widget elementor-widget-text-editor\" data-id=\"27811b6\" data-element_type=\"widget\" data-e-type=\"widget\" data-widget_type=\"text-editor.default\">\n\t\t\t\t<div class=\"elementor-widget-container\">\n\t\t\t\t\t\t\t\t\t<p>Are you seeking top-quality <strong>Poudre de 4-MMC<\/strong> pour votre recherche scientifique ? A <a href=\"https:\/\/chemagora.eu\/fr\/boutique\/\">Chemagora<\/a>, we are committed to providing researchers across Europe\u2014including countries like Germany, France, Spain, Italy, and the Netherlands\u2014with high-purity compounds to support <a href=\"http:\/\/pure-3mmc.com\" target=\"_blank\" rel=\"noopener\">innovative<\/a> studies.<\/p>\t\t\t\t\t\t\t\t<\/div>\n\t\t\t\t<\/div>\n\t\t\t\t<div class=\"elementor-element elementor-element-7c9859f elementor-widget elementor-widget-heading\" data-id=\"7c9859f\" data-element_type=\"widget\" data-e-type=\"widget\" data-widget_type=\"heading.default\">\n\t\t\t\t<div class=\"elementor-widget-container\">\n\t\t\t\t\t<h2 class=\"elementor-heading-title elementor-size-default\">Qu'est-ce que le 4-MMC ?\n<\/h2>\t\t\t\t<\/div>\n\t\t\t\t<\/div>\n\t\t\t\t<div class=\"elementor-element elementor-element-a9fad1e elementor-widget elementor-widget-text-editor\" data-id=\"a9fad1e\" data-element_type=\"widget\" data-e-type=\"widget\" data-widget_type=\"text-editor.default\">\n\t\t\t\t<div class=\"elementor-widget-container\">\n\t\t\t\t\t\t\t\t\t<p><strong>4-M\u00e9thylm\u00e9thcathinone (4-MMC)<\/strong> is a synthetic cathinone commonly studied for its structural similarities to naturally occurring compounds like those found in the khat plant. Known for its fine powder form and high stability, 4-MMC is widely used in laboratory research to explore its physical, chemical, and pharmacological properties. Our <strong>Poudre de 4-MMC<\/strong> offers exceptional purity and consistent performance, making it the ideal choice for advanced research applications.<\/p>\t\t\t\t\t\t\t\t<\/div>\n\t\t\t\t<\/div>\n\t\t\t\t\t<\/div>\n\t\t<\/div>\n\t\t\t\t\t<\/div>\n\t\t<\/section>\n\t\t\t\t<section class=\"elementor-section elementor-top-section elementor-element elementor-element-1d4e4d5 elementor-section-boxed elementor-section-height-default elementor-section-height-default\" data-id=\"1d4e4d5\" data-element_type=\"section\" data-e-type=\"section\" data-settings=\"{&quot;background_background&quot;:&quot;classic&quot;}\">\n\t\t\t\t\t\t<div class=\"elementor-container elementor-column-gap-no\">\n\t\t\t\t\t<div class=\"elementor-column elementor-col-33 elementor-top-column elementor-element elementor-element-3736a06\" data-id=\"3736a06\" data-element_type=\"column\" data-e-type=\"column\">\n\t\t\t<div class=\"elementor-widget-wrap elementor-element-populated\">\n\t\t\t\t\t\t<div class=\"elementor-element elementor-element-476384d elementor-widget elementor-widget-heading\" data-id=\"476384d\" data-element_type=\"widget\" data-e-type=\"widget\" data-widget_type=\"heading.default\">\n\t\t\t\t<div class=\"elementor-widget-container\">\n\t\t\t\t\t<h2 class=\"elementor-heading-title elementor-size-default\">Informations chimiques<\/h2>\t\t\t\t<\/div>\n\t\t\t\t<\/div>\n\t\t\t\t<div class=\"elementor-element elementor-element-a595e9a elementor-widget elementor-widget-text-editor\" data-id=\"a595e9a\" data-element_type=\"widget\" data-e-type=\"widget\" data-widget_type=\"text-editor.default\">\n\t\t\t\t<div class=\"elementor-widget-container\">\n\t\t\t\t\t\t\t\t\t<ul><li><strong>Nom chimique :<\/strong> 4-M\u00e9thylm\u00e9thcathinone<\/li><li><strong>Num\u00e9ro CAS :<\/strong> 1189805-46-6<\/li><li><strong>Formule mol\u00e9culaire :<\/strong> C11H15NO<\/li><li><strong>Masse molaire :<\/strong> 177,24 g\/mol<\/li><li><strong>Nom de l&#039;UICPA :<\/strong> 2-(M\u00e9thylamino)-1-(4-m\u00e9thylph\u00e9nyl)propan-1-one<\/li><\/ul>\t\t\t\t\t\t\t\t<\/div>\n\t\t\t\t<\/div>\n\t\t\t\t\t<\/div>\n\t\t<\/div>\n\t\t\t\t<div class=\"elementor-column elementor-col-33 elementor-top-column elementor-element elementor-element-eb54201\" data-id=\"eb54201\" data-element_type=\"column\" data-e-type=\"column\">\n\t\t\t<div class=\"elementor-widget-wrap elementor-element-populated\">\n\t\t\t\t\t\t<div class=\"elementor-element elementor-element-e8439b4 elementor-widget elementor-widget-heading\" data-id=\"e8439b4\" data-element_type=\"widget\" data-e-type=\"widget\" data-widget_type=\"heading.default\">\n\t\t\t\t<div class=\"elementor-widget-container\">\n\t\t\t\t\t<h2 class=\"elementor-heading-title elementor-size-default\">Propri\u00e9t\u00e9s physiques et chimiques<\/h2>\t\t\t\t<\/div>\n\t\t\t\t<\/div>\n\t\t\t\t<div class=\"elementor-element elementor-element-fe1cbbf elementor-widget elementor-widget-text-editor\" data-id=\"fe1cbbf\" data-element_type=\"widget\" data-e-type=\"widget\" data-widget_type=\"text-editor.default\">\n\t\t\t\t<div class=\"elementor-widget-container\">\n\t\t\t\t\t\t\t\t\t<ul><li><strong>Formulaire:<\/strong> Poudre blanche<\/li><li><strong>Puret\u00e9:<\/strong> \u226599% (test\u00e9 en laboratoire)<\/li><li><strong>Point de fusion:<\/strong> ~217-218\u00b0C<\/li><li><strong>Solubilit\u00e9:<\/strong> Facilement soluble dans l&#039;eau, l&#039;\u00e9thanol et le m\u00e9thanol<\/li><li><strong>Stabilit\u00e9:<\/strong> Stable dans des conditions de laboratoire standard<\/li><\/ul>\t\t\t\t\t\t\t\t<\/div>\n\t\t\t\t<\/div>\n\t\t\t\t\t<\/div>\n\t\t<\/div>\n\t\t\t\t<div class=\"elementor-column elementor-col-33 elementor-top-column elementor-element elementor-element-c740e1a\" data-id=\"c740e1a\" data-element_type=\"column\" data-e-type=\"column\">\n\t\t\t<div class=\"elementor-widget-wrap elementor-element-populated\">\n\t\t\t\t\t\t<div class=\"elementor-element elementor-element-3399201 elementor-widget elementor-widget-heading\" data-id=\"3399201\" data-element_type=\"widget\" data-e-type=\"widget\" data-widget_type=\"heading.default\">\n\t\t\t\t<div class=\"elementor-widget-container\">\n\t\t\t\t\t<h2 class=\"elementor-heading-title elementor-size-default\">Donn\u00e9es analytiques<\/h2>\t\t\t\t<\/div>\n\t\t\t\t<\/div>\n\t\t\t\t<div class=\"elementor-element elementor-element-842ec6e elementor-widget elementor-widget-text-editor\" data-id=\"842ec6e\" data-element_type=\"widget\" data-e-type=\"widget\" data-widget_type=\"text-editor.default\">\n\t\t\t\t<div class=\"elementor-widget-container\">\n\t\t\t\t\t\t\t\t\t<ul><li><strong>RMN (R\u00e9sonance Magn\u00e9tique Nucl\u00e9aire) :<\/strong> Confirme la coh\u00e9rence structurelle.<\/li><li><strong>Spectrom\u00e9trie de masse (MS) :<\/strong> Correspond au poids mol\u00e9culaire de 177,24 g\/mol.<\/li><li><strong>FTIR (Spectroscopie infrarouge \u00e0 transform\u00e9e de Fourier) :<\/strong> Matches reference spectra for 4-MMC.<\/li><\/ul>\t\t\t\t\t\t\t\t<\/div>\n\t\t\t\t<\/div>\n\t\t\t\t\t<\/div>\n\t\t<\/div>\n\t\t\t\t\t<\/div>\n\t\t<\/section>\n\t\t\t\t<section class=\"elementor-section elementor-top-section elementor-element elementor-element-3d1e838 elementor-section-boxed elementor-section-height-default elementor-section-height-default\" data-id=\"3d1e838\" data-element_type=\"section\" data-e-type=\"section\">\n\t\t\t\t\t\t<div class=\"elementor-container elementor-column-gap-no\">\n\t\t\t\t\t<div class=\"elementor-column elementor-col-100 elementor-top-column elementor-element elementor-element-3d4f34f\" data-id=\"3d4f34f\" data-element_type=\"column\" data-e-type=\"column\">\n\t\t\t<div class=\"elementor-widget-wrap elementor-element-populated\">\n\t\t\t\t\t\t<div class=\"elementor-element elementor-element-0253ea0 elementor-widget elementor-widget-heading\" data-id=\"0253ea0\" data-element_type=\"widget\" data-e-type=\"widget\" data-widget_type=\"heading.default\">\n\t\t\t\t<div class=\"elementor-widget-container\">\n\t\t\t\t\t<h2 class=\"elementor-heading-title elementor-size-default\">Why Buy 4-MMC Powder from Chemagora?<\/h2>\t\t\t\t<\/div>\n\t\t\t\t<\/div>\n\t\t\t\t<div class=\"elementor-element elementor-element-f675979 elementor-widget elementor-widget-text-editor\" data-id=\"f675979\" data-element_type=\"widget\" data-e-type=\"widget\" data-widget_type=\"text-editor.default\">\n\t\t\t\t<div class=\"elementor-widget-container\">\n\t\t\t\t\t\t\t\t\t<ul><li><h4><strong> Exceptional Purity<\/strong><\/h4><p>At Chemagora, we guarantee <strong>Puret\u00e9 \u226599%<\/strong> for all our 4-MMC Powder products. Rigorous testing ensures each batch meets the highest industry standards, so you can rely on accurate and reproducible results.<\/p><h4><strong>2. Easy-to-Handle Powder Form<\/strong><\/h4><p>Our 4-MMC is provided in a <strong>fine powder form<\/strong>, making it easy to measure, mix, and apply in various laboratory settings. Precision is key, and our product is tailored for controlled research environments.<\/p><h4><strong>3. Appr\u00e9ci\u00e9 dans toute l&#039;Europe<\/strong><\/h4><p>From Amsterdam to Paris and beyond, researchers across Europe choose Chemagora for high-quality research chemicals. Our reputation for reliability and product excellence sets us apart.<\/p><h4><strong>4. Exp\u00e9dition rapide et s\u00e9curis\u00e9e<\/strong><\/h4><p>Orders are processed quickly, with discreet and secure packaging to ensure your product arrives safely. We deliver across Europe to locations in Germany, Italy, Spain, the Netherlands, and more.<\/p><h4><strong>5. Assistance client d\u00e9di\u00e9e<\/strong><\/h4><p>Need assistance? Our friendly support team is here to answer your questions and provide guidance on orders, shipping, and product details. We prioritize your satisfaction every step of the way.<\/p><\/li><\/ul>\t\t\t\t\t\t\t\t<\/div>\n\t\t\t\t<\/div>\n\t\t\t\t<div class=\"elementor-element elementor-element-861410e elementor-widget elementor-widget-heading\" data-id=\"861410e\" data-element_type=\"widget\" data-e-type=\"widget\" data-widget_type=\"heading.default\">\n\t\t\t\t<div class=\"elementor-widget-container\">\n\t\t\t\t\t<h2 class=\"elementor-heading-title elementor-size-default\">Conformit\u00e9 l\u00e9gale<\/h2>\t\t\t\t<\/div>\n\t\t\t\t<\/div>\n\t\t\t\t<div class=\"elementor-element elementor-element-e8c8653 elementor-widget elementor-widget-text-editor\" data-id=\"e8c8653\" data-element_type=\"widget\" data-e-type=\"widget\" data-widget_type=\"text-editor.default\">\n\t\t\t\t<div class=\"elementor-widget-container\">\n\t\t\t\t\t\t\t\t\t<p>Please be aware that the legal status of <strong>Poudre de 4-MMC<\/strong> varies depending on the country. It is your responsibility to ensure that the purchase and use of this product comply with the laws and regulations in your jurisdiction.<\/p>\t\t\t\t\t\t\t\t<\/div>\n\t\t\t\t<\/div>\n\t\t\t\t<div class=\"elementor-element elementor-element-dc8ae36 elementor-alert-info elementor-widget elementor-widget-alert\" data-id=\"dc8ae36\" data-element_type=\"widget\" data-e-type=\"widget\" data-widget_type=\"alert.default\">\n\t\t\t\t<div class=\"elementor-widget-container\">\n\t\t\t\t\t\t\t<div class=\"elementor-alert\" role=\"alert\">\n\n\t\t\t\t\t\t<span class=\"elementor-alert-title\">Clause de non-responsabilit\u00e9<\/span>\n\t\t\t\n\t\t\t\t\t\t<span class=\"elementor-alert-description\">Ce produit est strictement destin\u00e9 \u00e0 des fins de recherche et d&#039;analyse uniquement. Il n&#039;est en aucun cas destin\u00e9 \u00e0 la consommation humaine ou animale.<\/span>\n\t\t\t\n\t\t\t\t\t\t<button type=\"button\" class=\"elementor-alert-dismiss\" aria-label=\"Supprimer cette alerte.\">\n\t\t\t\t\t\t\t\t\t<span aria-hidden=\"true\">\u00d7<\/span>\n\t\t\t\t\t\t\t<\/button>\n\t\t\t\n\t\t<\/div>\n\t\t\t\t\t\t<\/div>\n\t\t\t\t<\/div>\n\t\t\t\t<div class=\"elementor-element elementor-element-8817ab7 elementor-widget elementor-widget-heading\" data-id=\"8817ab7\" data-element_type=\"widget\" data-e-type=\"widget\" data-widget_type=\"heading.default\">\n\t\t\t\t<div class=\"elementor-widget-container\">\n\t\t\t\t\t<h2 class=\"elementor-heading-title elementor-size-default\">Order Your 4-MMC Powder Today<\/h2>\t\t\t\t<\/div>\n\t\t\t\t<\/div>\n\t\t\t\t<div class=\"elementor-element elementor-element-a2691de elementor-widget elementor-widget-text-editor\" data-id=\"a2691de\" data-element_type=\"widget\" data-e-type=\"widget\" data-widget_type=\"text-editor.default\">\n\t\t\t\t<div class=\"elementor-widget-container\">\n\t\t\t\t\t\t\t\t\t<p>Transform your research with Chemagora\u2019s premium <strong>Poudre de 4-MMC<\/strong>. With exceptional purity, secure delivery, and outstanding customer service, we\u2019re the trusted choice for scientists and researchers across Europe.<\/p>\t\t\t\t\t\t\t\t<\/div>\n\t\t\t\t<\/div>\n\t\t\t\t\t<\/div>\n\t\t<\/div>\n\t\t\t\t\t<\/div>\n\t\t<\/section>\n\t\t\t\t<\/div>","protected":false},"excerpt":{"rendered":"<p>Produit chimique de recherche test\u00e9 avec pr\u00e9cision, conforme, fiable et livr\u00e9 avec pr\u00e9cision et soin.<\/p>","protected":false},"featured_media":1680,"comment_status":"open","ping_status":"closed","template":"","meta":{"inline_featured_image":false},"etheme_brands":[],"product_brand":[],"product_cat":[40],"product_tag":[53,54,51,52,48],"class_list":{"0":"post-610","1":"product","2":"type-product","3":"status-publish","4":"has-post-thumbnail","6":"product_cat-4-mmc","7":"product_tag-4-mmc","8":"product_tag-buy-4-mmc","9":"product_tag-buy-4-mmc-powder","10":"product_tag-buy-4-mmc-powder-online","11":"product_tag-research-chemicals","13":"first","14":"instock","15":"shipping-taxable","16":"purchasable","17":"product-type-variable"},"_links":{"self":[{"href":"https:\/\/chemagora.eu\/fr\/wp-json\/wp\/v2\/product\/610","targetHints":{"allow":["GET"]}}],"collection":[{"href":"https:\/\/chemagora.eu\/fr\/wp-json\/wp\/v2\/product"}],"about":[{"href":"https:\/\/chemagora.eu\/fr\/wp-json\/wp\/v2\/types\/product"}],"replies":[{"embeddable":true,"href":"https:\/\/chemagora.eu\/fr\/wp-json\/wp\/v2\/comments?post=610"}],"version-history":[{"count":0,"href":"https:\/\/chemagora.eu\/fr\/wp-json\/wp\/v2\/product\/610\/revisions"}],"wp:featuredmedia":[{"embeddable":true,"href":"https:\/\/chemagora.eu\/fr\/wp-json\/wp\/v2\/media\/1680"}],"wp:attachment":[{"href":"https:\/\/chemagora.eu\/fr\/wp-json\/wp\/v2\/media?parent=610"}],"wp:term":[{"taxonomy":"brand","embeddable":true,"href":"https:\/\/chemagora.eu\/fr\/wp-json\/wp\/v2\/etheme_brands?post=610"},{"taxonomy":"product_brand","embeddable":true,"href":"https:\/\/chemagora.eu\/fr\/wp-json\/wp\/v2\/product_brand?post=610"},{"taxonomy":"product_cat","embeddable":true,"href":"https:\/\/chemagora.eu\/fr\/wp-json\/wp\/v2\/product_cat?post=610"},{"taxonomy":"product_tag","embeddable":true,"href":"https:\/\/chemagora.eu\/fr\/wp-json\/wp\/v2\/product_tag?post=610"}],"curies":[{"name":"wp","href":"https:\/\/api.w.org\/{rel}","templated":true}]}}