{"id":614,"date":"2022-10-06T12:32:48","date_gmt":"2022-10-06T12:32:48","guid":{"rendered":"https:\/\/xstore.8theme.com\/elementor\/demos\/hemp-and-cbd\/?post_type=product&#038;p=614"},"modified":"2025-01-24T05:05:51","modified_gmt":"2025-01-24T05:05:51","slug":"4-mmc-cristal","status":"publish","type":"product","link":"https:\/\/chemagora.eu\/fr\/produit\/4-mmc-cristal\/","title":{"rendered":"4-MMC Cristal"},"content":{"rendered":"<div data-elementor-type=\"wp-post\" data-elementor-id=\"614\" class=\"elementor elementor-614\" data-elementor-post-type=\"product\">\n\t\t\t\t\t\t<section class=\"elementor-section elementor-top-section elementor-element elementor-element-f0ed702 elementor-section-boxed elementor-section-height-default elementor-section-height-default\" data-id=\"f0ed702\" data-element_type=\"section\" data-e-type=\"section\">\n\t\t\t\t\t\t<div class=\"elementor-container elementor-column-gap-no\">\n\t\t\t\t\t<div class=\"elementor-column elementor-col-100 elementor-top-column elementor-element elementor-element-61e16fa\" data-id=\"61e16fa\" data-element_type=\"column\" data-e-type=\"column\">\n\t\t\t<div class=\"elementor-widget-wrap elementor-element-populated\">\n\t\t\t\t\t\t<div class=\"elementor-element elementor-element-1919071 elementor-widget elementor-widget-heading\" data-id=\"1919071\" data-element_type=\"widget\" data-e-type=\"widget\" data-widget_type=\"heading.default\">\n\t\t\t\t<div class=\"elementor-widget-container\">\n\t\t\t\t\t<h2 class=\"elementor-heading-title elementor-size-default\">Acheter des cristaux de 4-MMC en ligne - Produits chimiques de recherche de haute puret\u00e9 de Chemagora<\/h2>\t\t\t\t<\/div>\n\t\t\t\t<\/div>\n\t\t\t\t<div class=\"elementor-element elementor-element-ca2a716 elementor-widget elementor-widget-text-editor\" data-id=\"ca2a716\" data-element_type=\"widget\" data-e-type=\"widget\" data-widget_type=\"text-editor.default\">\n\t\t\t\t<div class=\"elementor-widget-container\">\n\t\t\t\t\t\t\t\t\t<p>Recherche de la meilleure qualit\u00e9 <strong>Cristaux 4-MMC<\/strong> pour faire avancer votre recherche scientifique ? A <a href=\"https:\/\/chemagora.eu\/fr\/boutique\/\">Chemagora<\/a>En tant que membre de la Commission europ\u00e9enne, nous sommes fiers de fournir aux chercheurs et aux laboratoires de toute l'Europe des compos\u00e9s de qualit\u00e9 exceptionnelle. Que vous soyez bas\u00e9 en Allemagne, en France, en Italie, en Espagne ou aux Pays-Bas, nos produits sont con\u00e7us pour r\u00e9pondre \u00e0 vos besoins. <a href=\"http:\/\/sky-chemicals.com\" target=\"_blank\" rel=\"noopener\">professionnel<\/a> les besoins en mati\u00e8re de recherche.<\/p>\t\t\t\t\t\t\t\t<\/div>\n\t\t\t\t<\/div>\n\t\t\t\t<div class=\"elementor-element elementor-element-2fd153f elementor-widget elementor-widget-heading\" data-id=\"2fd153f\" data-element_type=\"widget\" data-e-type=\"widget\" data-widget_type=\"heading.default\">\n\t\t\t\t<div class=\"elementor-widget-container\">\n\t\t\t\t\t<h2 class=\"elementor-heading-title elementor-size-default\">Qu'est-ce que le 4-MMC ?\n<\/h2>\t\t\t\t<\/div>\n\t\t\t\t<\/div>\n\t\t\t\t<div class=\"elementor-element elementor-element-6b8b891 elementor-widget elementor-widget-text-editor\" data-id=\"6b8b891\" data-element_type=\"widget\" data-e-type=\"widget\" data-widget_type=\"text-editor.default\">\n\t\t\t\t<div class=\"elementor-widget-container\">\n\t\t\t\t\t\t\t\t\t<p><strong>4-M\u00e9thylm\u00e9thcathinone (4-MMC)<\/strong> est un compos\u00e9 synth\u00e9tique de cathinone largement \u00e9tudi\u00e9 pour ses propri\u00e9t\u00e9s chimiques et pharmacologiques. Il appartient \u00e0 la famille des cathinones et sa structure est apparent\u00e9e \u00e0 celle des substances naturellement pr\u00e9sentes dans la plante de khat. Sa forme cristalline en fait un choix id\u00e9al pour les travaux de pr\u00e9cision dans des environnements de laboratoire contr\u00f4l\u00e9s.<\/p><p>Nos cristaux de 4-MMC sont r\u00e9put\u00e9s pour leur performance constante et leur puret\u00e9 sup\u00e9rieure, garantissant des r\u00e9sultats fiables dans diverses applications de recherche.<\/p>\t\t\t\t\t\t\t\t<\/div>\n\t\t\t\t<\/div>\n\t\t\t\t\t<\/div>\n\t\t<\/div>\n\t\t\t\t\t<\/div>\n\t\t<\/section>\n\t\t\t\t<section class=\"elementor-section elementor-top-section elementor-element elementor-element-74aee6b elementor-section-boxed elementor-section-height-default elementor-section-height-default\" data-id=\"74aee6b\" data-element_type=\"section\" data-e-type=\"section\" data-settings=\"{&quot;background_background&quot;:&quot;classic&quot;}\">\n\t\t\t\t\t\t<div class=\"elementor-container elementor-column-gap-no\">\n\t\t\t\t\t<div class=\"elementor-column elementor-col-33 elementor-top-column elementor-element elementor-element-a433db2\" data-id=\"a433db2\" data-element_type=\"column\" data-e-type=\"column\">\n\t\t\t<div class=\"elementor-widget-wrap elementor-element-populated\">\n\t\t\t\t\t\t<div class=\"elementor-element elementor-element-56678d0 elementor-widget elementor-widget-heading\" data-id=\"56678d0\" data-element_type=\"widget\" data-e-type=\"widget\" data-widget_type=\"heading.default\">\n\t\t\t\t<div class=\"elementor-widget-container\">\n\t\t\t\t\t<h2 class=\"elementor-heading-title elementor-size-default\">Informations chimiques<\/h2>\t\t\t\t<\/div>\n\t\t\t\t<\/div>\n\t\t\t\t<div class=\"elementor-element elementor-element-57408d4 elementor-widget elementor-widget-text-editor\" data-id=\"57408d4\" data-element_type=\"widget\" data-e-type=\"widget\" data-widget_type=\"text-editor.default\">\n\t\t\t\t<div class=\"elementor-widget-container\">\n\t\t\t\t\t\t\t\t\t<ul><li><strong>Nom chimique :<\/strong> 4-M\u00e9thylm\u00e9thcathinone<\/li><li><strong>Num\u00e9ro CAS :<\/strong> 1189805-46-6<\/li><li><strong>Formule mol\u00e9culaire :<\/strong> C11H15NO<\/li><li><strong>Masse molaire :<\/strong> 177,24 g\/mol<\/li><li><strong>Nom de l&#039;UICPA :<\/strong> 2-(M\u00e9thylamino)-1-(4-m\u00e9thylph\u00e9nyl)propan-1-one<\/li><\/ul>\t\t\t\t\t\t\t\t<\/div>\n\t\t\t\t<\/div>\n\t\t\t\t\t<\/div>\n\t\t<\/div>\n\t\t\t\t<div class=\"elementor-column elementor-col-33 elementor-top-column elementor-element elementor-element-d184dba\" data-id=\"d184dba\" data-element_type=\"column\" data-e-type=\"column\">\n\t\t\t<div class=\"elementor-widget-wrap elementor-element-populated\">\n\t\t\t\t\t\t<div class=\"elementor-element elementor-element-dd5458b elementor-widget elementor-widget-heading\" data-id=\"dd5458b\" data-element_type=\"widget\" data-e-type=\"widget\" data-widget_type=\"heading.default\">\n\t\t\t\t<div class=\"elementor-widget-container\">\n\t\t\t\t\t<h2 class=\"elementor-heading-title elementor-size-default\">Propri\u00e9t\u00e9s physiques et chimiques<\/h2>\t\t\t\t<\/div>\n\t\t\t\t<\/div>\n\t\t\t\t<div class=\"elementor-element elementor-element-387e4a6 elementor-widget elementor-widget-text-editor\" data-id=\"387e4a6\" data-element_type=\"widget\" data-e-type=\"widget\" data-widget_type=\"text-editor.default\">\n\t\t\t\t<div class=\"elementor-widget-container\">\n\t\t\t\t\t\t\t\t\t<ul><li><strong>Formulaire:<\/strong> Poudre cristalline blanche<\/li><li><strong>Puret\u00e9:<\/strong> \u226599% (test\u00e9 en laboratoire)<\/li><li><strong>Point de fusion:<\/strong> ~217-218\u00b0C<\/li><li><strong>Solubilit\u00e9:<\/strong> Facilement soluble dans l&#039;eau, l&#039;\u00e9thanol et le m\u00e9thanol<\/li><li><strong>Stabilit\u00e9:<\/strong> Stable dans des conditions de laboratoire standard<\/li><\/ul>\t\t\t\t\t\t\t\t<\/div>\n\t\t\t\t<\/div>\n\t\t\t\t\t<\/div>\n\t\t<\/div>\n\t\t\t\t<div class=\"elementor-column elementor-col-33 elementor-top-column elementor-element elementor-element-de443a7\" data-id=\"de443a7\" data-element_type=\"column\" data-e-type=\"column\">\n\t\t\t<div class=\"elementor-widget-wrap elementor-element-populated\">\n\t\t\t\t\t\t<div class=\"elementor-element elementor-element-f0395c2 elementor-widget elementor-widget-heading\" data-id=\"f0395c2\" data-element_type=\"widget\" data-e-type=\"widget\" data-widget_type=\"heading.default\">\n\t\t\t\t<div class=\"elementor-widget-container\">\n\t\t\t\t\t<h2 class=\"elementor-heading-title elementor-size-default\">Donn\u00e9es analytiques<\/h2>\t\t\t\t<\/div>\n\t\t\t\t<\/div>\n\t\t\t\t<div class=\"elementor-element elementor-element-d859c9e elementor-widget elementor-widget-text-editor\" data-id=\"d859c9e\" data-element_type=\"widget\" data-e-type=\"widget\" data-widget_type=\"text-editor.default\">\n\t\t\t\t<div class=\"elementor-widget-container\">\n\t\t\t\t\t\t\t\t\t<ul><li><strong>RMN (R\u00e9sonance Magn\u00e9tique Nucl\u00e9aire) :<\/strong> Confirme la coh\u00e9rence structurelle.<\/li><li><strong>Spectrom\u00e9trie de masse (MS) :<\/strong> Correspond au poids mol\u00e9culaire de 177,24 g\/mol.<\/li><li><strong>FTIR (Spectroscopie infrarouge \u00e0 transform\u00e9e de Fourier) :<\/strong> Correspond aux spectres de r\u00e9f\u00e9rence pour <a href=\"https:\/\/chemagora.eu\/fr\/produit\/poudre-de-4-mmc\/\" data-wpil-monitor-id=\"9\">4-MMC<\/a>.<\/li><\/ul>\t\t\t\t\t\t\t\t<\/div>\n\t\t\t\t<\/div>\n\t\t\t\t\t<\/div>\n\t\t<\/div>\n\t\t\t\t\t<\/div>\n\t\t<\/section>\n\t\t\t\t<section class=\"elementor-section elementor-top-section elementor-element elementor-element-8f7bfa2 elementor-section-boxed elementor-section-height-default elementor-section-height-default\" data-id=\"8f7bfa2\" data-element_type=\"section\" data-e-type=\"section\">\n\t\t\t\t\t\t<div class=\"elementor-container elementor-column-gap-no\">\n\t\t\t\t\t<div class=\"elementor-column elementor-col-100 elementor-top-column elementor-element elementor-element-71e8a97\" data-id=\"71e8a97\" data-element_type=\"column\" data-e-type=\"column\">\n\t\t\t<div class=\"elementor-widget-wrap elementor-element-populated\">\n\t\t\t\t\t\t<div class=\"elementor-element elementor-element-221533b elementor-widget elementor-widget-heading\" data-id=\"221533b\" data-element_type=\"widget\" data-e-type=\"widget\" data-widget_type=\"heading.default\">\n\t\t\t\t<div class=\"elementor-widget-container\">\n\t\t\t\t\t<h2 class=\"elementor-heading-title elementor-size-default\">Pourquoi choisir Chemagora pour vos cristaux de 4-MMC ?<\/h2>\t\t\t\t<\/div>\n\t\t\t\t<\/div>\n\t\t\t\t<div class=\"elementor-element elementor-element-6e9edc7 elementor-widget elementor-widget-text-editor\" data-id=\"6e9edc7\" data-element_type=\"widget\" data-e-type=\"widget\" data-widget_type=\"text-editor.default\">\n\t\t\t\t<div class=\"elementor-widget-container\">\n\t\t\t\t\t\t\t\t\t<ul><li><strong>Une puret\u00e9 sans compromis :<\/strong> Nos cristaux de 4-MMC sont rigoureusement test\u00e9s, garantissant un niveau de puret\u00e9 minimum de <strong>\u226599%<\/strong>afin que vous puissiez travailler en toute confiance.<\/li><li><strong>Pr\u00e9cision Forme cristalline :<\/strong> La structure cristalline facilite la manipulation, la pr\u00e9cision des mesures et la reproductibilit\u00e9 des r\u00e9sultats dans votre laboratoire.<\/li><li><strong>Des chercheurs de confiance dans toute l'Europe :<\/strong> De Paris \u00e0 Berlin, de Rome \u00e0 Amsterdam, Chemagora est un fournisseur privil\u00e9gi\u00e9 pour <a href=\"https:\/\/chemagora.eu\/fr\/produit\/poudre-3-mmc\/\" data-wpil-monitor-id=\"10\">les chercheurs \u00e0 la recherche de produits chimiques de qualit\u00e9 sup\u00e9rieure<\/a>.<\/li><li><strong>Exp\u00e9dition rapide et discr\u00e8te :<\/strong> Gr\u00e2ce \u00e0 un traitement rapide et \u00e0 un emballage s\u00fbr et discret, nous veillons \u00e0 ce que votre commande arrive \u00e0 temps et en toute s\u00e9curit\u00e9.<\/li><li><strong>Support client d\u00e9di\u00e9 :<\/strong> Notre \u00e9quipe comp\u00e9tente et amicale est toujours pr\u00eate \u00e0 r\u00e9pondre \u00e0 vos questions.<\/li><\/ul>\t\t\t\t\t\t\t\t<\/div>\n\t\t\t\t<\/div>\n\t\t\t\t<div class=\"elementor-element elementor-element-8f53058 elementor-widget elementor-widget-heading\" data-id=\"8f53058\" data-element_type=\"widget\" data-e-type=\"widget\" data-widget_type=\"heading.default\">\n\t\t\t\t<div class=\"elementor-widget-container\">\n\t\t\t\t\t<h2 class=\"elementor-heading-title elementor-size-default\">Conformit\u00e9 l\u00e9gale<\/h2>\t\t\t\t<\/div>\n\t\t\t\t<\/div>\n\t\t\t\t<div class=\"elementor-element elementor-element-823064c elementor-widget elementor-widget-text-editor\" data-id=\"823064c\" data-element_type=\"widget\" data-e-type=\"widget\" data-widget_type=\"text-editor.default\">\n\t\t\t\t<div class=\"elementor-widget-container\">\n\t\t\t\t\t\t\t\t\t<p>Le statut juridique de <strong>Cristaux 4-MMC<\/strong> peuvent varier d'un pays \u00e0 l'autre. Il incombe \u00e0 l'acheteur de s'assurer que son achat et l'utilisation qu'il compte en faire sont conformes aux lois et r\u00e9glementations locales.<\/p>\t\t\t\t\t\t\t\t<\/div>\n\t\t\t\t<\/div>\n\t\t\t\t<div class=\"elementor-element elementor-element-75c21ef elementor-alert-info elementor-widget elementor-widget-alert\" data-id=\"75c21ef\" data-element_type=\"widget\" data-e-type=\"widget\" data-widget_type=\"alert.default\">\n\t\t\t\t<div class=\"elementor-widget-container\">\n\t\t\t\t\t\t\t<div class=\"elementor-alert\" role=\"alert\">\n\n\t\t\t\t\t\t<span class=\"elementor-alert-title\">Clause de non-responsabilit\u00e9<\/span>\n\t\t\t\n\t\t\t\t\t\t<span class=\"elementor-alert-description\">Ce produit est strictement destin\u00e9 \u00e0 des fins de recherche et d&#039;analyse uniquement. Il n&#039;est en aucun cas destin\u00e9 \u00e0 la consommation humaine ou animale.<\/span>\n\t\t\t\n\t\t\t\t\t\t<button type=\"button\" class=\"elementor-alert-dismiss\" aria-label=\"Supprimer cette alerte.\">\n\t\t\t\t\t\t\t\t\t<span aria-hidden=\"true\">\u00d7<\/span>\n\t\t\t\t\t\t\t<\/button>\n\t\t\t\n\t\t<\/div>\n\t\t\t\t\t\t<\/div>\n\t\t\t\t<\/div>\n\t\t\t\t<div class=\"elementor-element elementor-element-c77f826 elementor-widget elementor-widget-heading\" data-id=\"c77f826\" data-element_type=\"widget\" data-e-type=\"widget\" data-widget_type=\"heading.default\">\n\t\t\t\t<div class=\"elementor-widget-container\">\n\t\t\t\t\t<h2 class=\"elementor-heading-title elementor-size-default\">Commandez vos cristaux 4-MMC d\u00e8s aujourd'hui<\/h2>\t\t\t\t<\/div>\n\t\t\t\t<\/div>\n\t\t\t\t<div class=\"elementor-element elementor-element-ce71f0f elementor-widget elementor-widget-text-editor\" data-id=\"ce71f0f\" data-element_type=\"widget\" data-e-type=\"widget\" data-widget_type=\"text-editor.default\">\n\t\t\t\t<div class=\"elementor-widget-container\">\n\t\t\t\t\t\t\t\t\t<p>Faites passer vos recherches au niveau sup\u00e9rieur avec Chemagora <strong>Cristaux de 4-MMC de haute puret\u00e9<\/strong>. Faites l'exp\u00e9rience d'une qualit\u00e9, d'une pr\u00e9cision et d'un service in\u00e9gal\u00e9s \u00e0 chaque achat. Rejoignez les chercheurs europ\u00e9ens qui font confiance \u00e0 Chemagora pour leurs travaux de recherche. <a href=\"https:\/\/chemagora.eu\/fr\/produit\/3-cmc-en-poudre\/\" data-wpil-monitor-id=\"8\">recherche chimique<\/a> besoins.<\/p>\t\t\t\t\t\t\t\t<\/div>\n\t\t\t\t<\/div>\n\t\t\t\t\t<\/div>\n\t\t<\/div>\n\t\t\t\t\t<\/div>\n\t\t<\/section>\n\t\t\t\t<\/div>","protected":false},"excerpt":{"rendered":"<p>Produit chimique de recherche test\u00e9 avec pr\u00e9cision, conforme, fiable et livr\u00e9 avec pr\u00e9cision et soin.<\/p>","protected":false},"featured_media":1661,"comment_status":"open","ping_status":"closed","template":"","meta":{"inline_featured_image":false},"etheme_brands":[],"product_brand":[],"product_cat":[40],"product_tag":[49,50,48],"class_list":{"0":"post-614","1":"product","2":"type-product","3":"status-publish","4":"has-post-thumbnail","6":"product_cat-4-mmc","7":"product_tag-buy-4-mmc-crystal","8":"product_tag-buy-4-mmc-crystal-online","9":"product_tag-research-chemicals","11":"first","12":"instock","13":"shipping-taxable","14":"purchasable","15":"product-type-variable"},"_links":{"self":[{"href":"https:\/\/chemagora.eu\/fr\/wp-json\/wp\/v2\/product\/614","targetHints":{"allow":["GET"]}}],"collection":[{"href":"https:\/\/chemagora.eu\/fr\/wp-json\/wp\/v2\/product"}],"about":[{"href":"https:\/\/chemagora.eu\/fr\/wp-json\/wp\/v2\/types\/product"}],"replies":[{"embeddable":true,"href":"https:\/\/chemagora.eu\/fr\/wp-json\/wp\/v2\/comments?post=614"}],"version-history":[{"count":0,"href":"https:\/\/chemagora.eu\/fr\/wp-json\/wp\/v2\/product\/614\/revisions"}],"wp:featuredmedia":[{"embeddable":true,"href":"https:\/\/chemagora.eu\/fr\/wp-json\/wp\/v2\/media\/1661"}],"wp:attachment":[{"href":"https:\/\/chemagora.eu\/fr\/wp-json\/wp\/v2\/media?parent=614"}],"wp:term":[{"taxonomy":"brand","embeddable":true,"href":"https:\/\/chemagora.eu\/fr\/wp-json\/wp\/v2\/etheme_brands?post=614"},{"taxonomy":"product_brand","embeddable":true,"href":"https:\/\/chemagora.eu\/fr\/wp-json\/wp\/v2\/product_brand?post=614"},{"taxonomy":"product_cat","embeddable":true,"href":"https:\/\/chemagora.eu\/fr\/wp-json\/wp\/v2\/product_cat?post=614"},{"taxonomy":"product_tag","embeddable":true,"href":"https:\/\/chemagora.eu\/fr\/wp-json\/wp\/v2\/product_tag?post=614"}],"curies":[{"name":"wp","href":"https:\/\/api.w.org\/{rel}","templated":true}]}}