{"id":618,"date":"2022-10-06T12:32:49","date_gmt":"2022-10-06T12:32:49","guid":{"rendered":"https:\/\/xstore.8theme.com\/elementor\/demos\/hemp-and-cbd\/?post_type=product&#038;p=618"},"modified":"2025-01-24T03:50:48","modified_gmt":"2025-01-24T03:50:48","slug":"poudre-3-mmc","status":"publish","type":"product","link":"https:\/\/chemagora.eu\/fr\/produit\/poudre-3-mmc\/","title":{"rendered":"3-MMC Poudre"},"content":{"rendered":"<div data-elementor-type=\"wp-post\" data-elementor-id=\"618\" class=\"elementor elementor-618\" data-elementor-post-type=\"product\">\n\t\t\t\t\t\t<section class=\"elementor-section elementor-top-section elementor-element elementor-element-008112d elementor-section-boxed elementor-section-height-default elementor-section-height-default\" data-id=\"008112d\" data-element_type=\"section\" data-e-type=\"section\">\n\t\t\t\t\t\t<div class=\"elementor-container elementor-column-gap-no\">\n\t\t\t\t\t<div class=\"elementor-column elementor-col-100 elementor-top-column elementor-element elementor-element-8a7bc79\" data-id=\"8a7bc79\" data-element_type=\"column\" data-e-type=\"column\">\n\t\t\t<div class=\"elementor-widget-wrap elementor-element-populated\">\n\t\t\t\t\t\t<div class=\"elementor-element elementor-element-c42ff49 elementor-widget elementor-widget-heading\" data-id=\"c42ff49\" data-element_type=\"widget\" data-e-type=\"widget\" data-widget_type=\"heading.default\">\n\t\t\t\t<div class=\"elementor-widget-container\">\n\t\t\t\t\t<h2 class=\"elementor-heading-title elementor-size-default\">Acheter 3-MMC Powder en ligne | High-Purity Research Chemical from Chemagora<\/h2>\t\t\t\t<\/div>\n\t\t\t\t<\/div>\n\t\t\t\t<div class=\"elementor-element elementor-element-ac7a03c elementor-widget elementor-widget-text-editor\" data-id=\"ac7a03c\" data-element_type=\"widget\" data-e-type=\"widget\" data-widget_type=\"text-editor.default\">\n\t\t\t\t<div class=\"elementor-widget-container\">\n\t\t\t\t\t\t\t\t\t<p>Vous recherchez un service fiable <strong>Cristaux 3-MMC<\/strong> pour votre prochain projet de recherche ? A l'adresse <a href=\"https:\/\/chemagora.eu\/fr\/boutique\/\">Chemagora<\/a>Nous sommes fiers de fournir des produits chimiques de haute puret\u00e9 \u00e0 nos clients. <a href=\"http:\/\/reine-chemikalien.com\" target=\"_blank\" rel=\"noopener\">chercheurs<\/a> et des laboratoires dans toute l'Europe. Que vous soyez \u00e0 <strong>Allemagne<\/strong>, <strong>France<\/strong>, <strong>Espagne<\/strong>, <strong>Italie<\/strong>ou le <strong>Pays-Bas<\/strong>Nous sommes l\u00e0 pour vous fournir des produits en lesquels vous pouvez avoir confiance, avec une livraison rapide et un service exceptionnel.<\/p>\t\t\t\t\t\t\t\t<\/div>\n\t\t\t\t<\/div>\n\t\t\t\t<div class=\"elementor-element elementor-element-5797667 elementor-widget elementor-widget-heading\" data-id=\"5797667\" data-element_type=\"widget\" data-e-type=\"widget\" data-widget_type=\"heading.default\">\n\t\t\t\t<div class=\"elementor-widget-container\">\n\t\t\t\t\t<h2 class=\"elementor-heading-title elementor-size-default\">Qu'est-ce que le 3-MMC ?<\/h2>\t\t\t\t<\/div>\n\t\t\t\t<\/div>\n\t\t\t\t<div class=\"elementor-element elementor-element-da30504 elementor-widget elementor-widget-text-editor\" data-id=\"da30504\" data-element_type=\"widget\" data-e-type=\"widget\" data-widget_type=\"text-editor.default\">\n\t\t\t\t<div class=\"elementor-widget-container\">\n\t\t\t\t\t\t\t\t\t<p><strong>3-MMC (3-M\u00e9thylm\u00e9thcathinone)<\/strong> est un compos\u00e9 synth\u00e9tique de cathinone couramment utilis\u00e9 dans la recherche en laboratoire pour ses propri\u00e9t\u00e9s bien d\u00e9finies. Sa structure mol\u00e9culaire ressemble \u00e0 celle de la m\u00e9ph\u00e9drone, ce qui en fait un sujet d'int\u00e9r\u00eat pour les \u00e9tudes pharmacologiques et chimiques. Chez Chemagora, nous proposons <strong>Cristaux 3-MMC<\/strong> d'une puret\u00e9 in\u00e9gal\u00e9e afin d'obtenir des r\u00e9sultats de recherche coh\u00e9rents et fiables.<\/p>\t\t\t\t\t\t\t\t<\/div>\n\t\t\t\t<\/div>\n\t\t\t\t\t<\/div>\n\t\t<\/div>\n\t\t\t\t\t<\/div>\n\t\t<\/section>\n\t\t\t\t<section class=\"elementor-section elementor-top-section elementor-element elementor-element-719311e elementor-section-boxed elementor-section-height-default elementor-section-height-default\" data-id=\"719311e\" data-element_type=\"section\" data-e-type=\"section\" data-settings=\"{&quot;background_background&quot;:&quot;classic&quot;}\">\n\t\t\t\t\t\t<div class=\"elementor-container elementor-column-gap-no\">\n\t\t\t\t\t<div class=\"elementor-column elementor-col-33 elementor-top-column elementor-element elementor-element-9d33d56\" data-id=\"9d33d56\" data-element_type=\"column\" data-e-type=\"column\">\n\t\t\t<div class=\"elementor-widget-wrap elementor-element-populated\">\n\t\t\t\t\t\t<div class=\"elementor-element elementor-element-9e5c66e elementor-widget elementor-widget-heading\" data-id=\"9e5c66e\" data-element_type=\"widget\" data-e-type=\"widget\" data-widget_type=\"heading.default\">\n\t\t\t\t<div class=\"elementor-widget-container\">\n\t\t\t\t\t<h2 class=\"elementor-heading-title elementor-size-default\">Informations chimiques<\/h2>\t\t\t\t<\/div>\n\t\t\t\t<\/div>\n\t\t\t\t<div class=\"elementor-element elementor-element-0baadc1 elementor-widget elementor-widget-text-editor\" data-id=\"0baadc1\" data-element_type=\"widget\" data-e-type=\"widget\" data-widget_type=\"text-editor.default\">\n\t\t\t\t<div class=\"elementor-widget-container\">\n\t\t\t\t\t\t\t\t\t<ul><li><strong>Nom chimique :<\/strong> 3-M\u00e9thylm\u00e9thcathinone<\/li><li><strong>Formule mol\u00e9culaire :<\/strong> C11H15NO<\/li><li><strong>Masse molaire :<\/strong> 177,24 g\/mol<\/li><li><strong>Nom de l&#039;UICPA :<\/strong> 2-(m\u00e9thylamino)-1-(3-m\u00e9thylph\u00e9nyl)propan-1-one<\/li><\/ul>\t\t\t\t\t\t\t\t<\/div>\n\t\t\t\t<\/div>\n\t\t\t\t\t<\/div>\n\t\t<\/div>\n\t\t\t\t<div class=\"elementor-column elementor-col-33 elementor-top-column elementor-element elementor-element-e4c392e\" data-id=\"e4c392e\" data-element_type=\"column\" data-e-type=\"column\">\n\t\t\t<div class=\"elementor-widget-wrap elementor-element-populated\">\n\t\t\t\t\t\t<div class=\"elementor-element elementor-element-c4b4185 elementor-widget elementor-widget-heading\" data-id=\"c4b4185\" data-element_type=\"widget\" data-e-type=\"widget\" data-widget_type=\"heading.default\">\n\t\t\t\t<div class=\"elementor-widget-container\">\n\t\t\t\t\t<h2 class=\"elementor-heading-title elementor-size-default\">Propri\u00e9t\u00e9s physiques et chimiques<\/h2>\t\t\t\t<\/div>\n\t\t\t\t<\/div>\n\t\t\t\t<div class=\"elementor-element elementor-element-ffb135b elementor-widget elementor-widget-text-editor\" data-id=\"ffb135b\" data-element_type=\"widget\" data-e-type=\"widget\" data-widget_type=\"text-editor.default\">\n\t\t\t\t<div class=\"elementor-widget-container\">\n\t\t\t\t\t\t\t\t\t<ul><li><strong>Formulaire:<\/strong> Poudre blanche<\/li><li><strong>Puret\u00e9:<\/strong> \u226599%<\/li><li><strong>Point de fusion:<\/strong> ~180-185\u00b0C<\/li><li><strong>Solubilit\u00e9:<\/strong> Soluble dans l'eau et les solvants organiques tels que l'\u00e9thanol et le m\u00e9thanol<\/li><\/ul>\t\t\t\t\t\t\t\t<\/div>\n\t\t\t\t<\/div>\n\t\t\t\t\t<\/div>\n\t\t<\/div>\n\t\t\t\t<div class=\"elementor-column elementor-col-33 elementor-top-column elementor-element elementor-element-f696cd9\" data-id=\"f696cd9\" data-element_type=\"column\" data-e-type=\"column\">\n\t\t\t<div class=\"elementor-widget-wrap elementor-element-populated\">\n\t\t\t\t\t\t<div class=\"elementor-element elementor-element-acabd54 elementor-widget elementor-widget-heading\" data-id=\"acabd54\" data-element_type=\"widget\" data-e-type=\"widget\" data-widget_type=\"heading.default\">\n\t\t\t\t<div class=\"elementor-widget-container\">\n\t\t\t\t\t<h2 class=\"elementor-heading-title elementor-size-default\">Donn\u00e9es analytiques<\/h2>\t\t\t\t<\/div>\n\t\t\t\t<\/div>\n\t\t\t\t<div class=\"elementor-element elementor-element-4a78622 elementor-widget elementor-widget-text-editor\" data-id=\"4a78622\" data-element_type=\"widget\" data-e-type=\"widget\" data-widget_type=\"text-editor.default\">\n\t\t\t\t<div class=\"elementor-widget-container\">\n\t\t\t\t\t\t\t\t\t<ul><li><strong>Analyse RMN :<\/strong> Confirme la structure et la coh\u00e9rence mol\u00e9culaires.<\/li><li><strong>Spectrom\u00e9trie de masse (MS) :<\/strong> Valide le poids mol\u00e9culaire de 177,24 g\/mol.<\/li><li><strong>FTIR (Spectroscopie infrarouge \u00e0 transform\u00e9e de Fourier) :<\/strong> Correspond aux spectres de r\u00e9f\u00e9rence \u00e9tablis.<\/li><\/ul>\t\t\t\t\t\t\t\t<\/div>\n\t\t\t\t<\/div>\n\t\t\t\t\t<\/div>\n\t\t<\/div>\n\t\t\t\t\t<\/div>\n\t\t<\/section>\n\t\t\t\t<section class=\"elementor-section elementor-top-section elementor-element elementor-element-054bbb3 elementor-section-boxed elementor-section-height-default elementor-section-height-default\" data-id=\"054bbb3\" data-element_type=\"section\" data-e-type=\"section\">\n\t\t\t\t\t\t<div class=\"elementor-container elementor-column-gap-no\">\n\t\t\t\t\t<div class=\"elementor-column elementor-col-100 elementor-top-column elementor-element elementor-element-0a7459b\" data-id=\"0a7459b\" data-element_type=\"column\" data-e-type=\"column\">\n\t\t\t<div class=\"elementor-widget-wrap elementor-element-populated\">\n\t\t\t\t\t\t<div class=\"elementor-element elementor-element-aebc754 elementor-widget elementor-widget-heading\" data-id=\"aebc754\" data-element_type=\"widget\" data-e-type=\"widget\" data-widget_type=\"heading.default\">\n\t\t\t\t<div class=\"elementor-widget-container\">\n\t\t\t\t\t<h2 class=\"elementor-heading-title elementor-size-default\">Pourquoi choisir Chemagora pour votre poudre de 3-MMC ?<\/h2>\t\t\t\t<\/div>\n\t\t\t\t<\/div>\n\t\t\t\t<div class=\"elementor-element elementor-element-ff3876b elementor-widget elementor-widget-text-editor\" data-id=\"ff3876b\" data-element_type=\"widget\" data-e-type=\"widget\" data-widget_type=\"text-editor.default\">\n\t\t\t\t<div class=\"elementor-widget-container\">\n\t\t\t\t\t\t\t\t\t<ul><li><p><strong>Puret\u00e9 in\u00e9gal\u00e9e :<\/strong> Notre poudre de 3-MMC est test\u00e9e en laboratoire pour garantir un niveau de puret\u00e9 de <strong>\u226599%<\/strong>Vous disposez ainsi d'un produit exempt de contaminants.<\/p><\/li><li><p><strong>Poudre fine Forme :<\/strong> La forme de poudre fine du 3-MMC permet des mesures et des applications pr\u00e9cises dans divers laboratoires.<\/p><\/li><li><p><strong>Une conformit\u00e9 \u00e0 laquelle vous pouvez vous fier :<\/strong> Nous respectons strictement les normes et r\u00e9glementations du secteur, ce qui garantit que nos produits r\u00e9pondent aux crit\u00e8res de qualit\u00e9 les plus \u00e9lev\u00e9s.<\/p><\/li><li><p><strong>Exp\u00e9dition rapide et discr\u00e8te :<\/strong> Nous traitons toutes les commandes dans les 24 heures et proposons un emballage discret pour garantir que votre achat arrive \u00e0 temps et en toute s\u00e9curit\u00e9.<\/p><\/li><li><p><strong>Support client d\u00e9di\u00e9 :<\/strong> Notre \u00e9quipe d'assistance est \u00e0 votre disposition pour r\u00e9pondre \u00e0 toutes vos questions, qu'il s'agisse de d\u00e9tails sur les produits ou de questions relatives \u00e0 l'exp\u00e9dition.<\/p><\/li><\/ul>\t\t\t\t\t\t\t\t<\/div>\n\t\t\t\t<\/div>\n\t\t\t\t<div class=\"elementor-element elementor-element-b74abfc elementor-widget elementor-widget-heading\" data-id=\"b74abfc\" data-element_type=\"widget\" data-e-type=\"widget\" data-widget_type=\"heading.default\">\n\t\t\t\t<div class=\"elementor-widget-container\">\n\t\t\t\t\t<h2 class=\"elementor-heading-title elementor-size-default\">Conformit\u00e9 l\u00e9gale<\/h2>\t\t\t\t<\/div>\n\t\t\t\t<\/div>\n\t\t\t\t<div class=\"elementor-element elementor-element-bb30fde elementor-widget elementor-widget-text-editor\" data-id=\"bb30fde\" data-element_type=\"widget\" data-e-type=\"widget\" data-widget_type=\"text-editor.default\">\n\t\t\t\t<div class=\"elementor-widget-container\">\n\t\t\t\t\t\t\t\t\t<p>Veuillez noter que le statut l\u00e9gal du 3-MMC varie d'un pays \u00e0 l'autre. Il est de la responsabilit\u00e9 de l'acheteur de s'assurer de la conformit\u00e9 avec les r\u00e9glementations locales concernant l'acquisition et l'utilisation de ce compos\u00e9.<\/p>\t\t\t\t\t\t\t\t<\/div>\n\t\t\t\t<\/div>\n\t\t\t\t<div class=\"elementor-element elementor-element-f6f291f elementor-alert-info elementor-widget elementor-widget-alert\" data-id=\"f6f291f\" data-element_type=\"widget\" data-e-type=\"widget\" data-widget_type=\"alert.default\">\n\t\t\t\t<div class=\"elementor-widget-container\">\n\t\t\t\t\t\t\t<div class=\"elementor-alert\" role=\"alert\">\n\n\t\t\t\t\t\t<span class=\"elementor-alert-title\">Clause de non-responsabilit\u00e9<\/span>\n\t\t\t\n\t\t\t\t\t\t<span class=\"elementor-alert-description\">Ce produit est strictement destin\u00e9 \u00e0 des fins de recherche et d&#039;analyse uniquement. Il n&#039;est en aucun cas destin\u00e9 \u00e0 la consommation humaine ou animale.<\/span>\n\t\t\t\n\t\t\t\t\t\t<button type=\"button\" class=\"elementor-alert-dismiss\" aria-label=\"Ignora questo avviso.\" data-no-translation-aria-label=\"\">\n\t\t\t\t\t\t\t\t\t<span aria-hidden=\"true\">\u00d7<\/span>\n\t\t\t\t\t\t\t<\/button>\n\t\t\t\n\t\t<\/div>\n\t\t\t\t\t\t<\/div>\n\t\t\t\t<\/div>\n\t\t\t\t<div class=\"elementor-element elementor-element-7641ae7 elementor-widget elementor-widget-heading\" data-id=\"7641ae7\" data-element_type=\"widget\" data-e-type=\"widget\" data-widget_type=\"heading.default\">\n\t\t\t\t<div class=\"elementor-widget-container\">\n\t\t\t\t\t<h2 class=\"elementor-heading-title elementor-size-default\">Commandez votre poudre 3-MMC d\u00e8s aujourd'hui<\/h2>\t\t\t\t<\/div>\n\t\t\t\t<\/div>\n\t\t\t\t<div class=\"elementor-element elementor-element-f9140af elementor-widget elementor-widget-text-editor\" data-id=\"f9140af\" data-element_type=\"widget\" data-e-type=\"widget\" data-widget_type=\"text-editor.default\">\n\t\t\t\t<div class=\"elementor-widget-container\">\n\t\t\t\t\t\t\t\t\t<p>Am\u00e9liorez votre recherche avec la poudre 3-MMC de Chemagora. Faites l'exp\u00e9rience d'une qualit\u00e9 et d'un service in\u00e9gal\u00e9s en passant votre commande d\u00e8s maintenant.<\/p><p><em>Remarque : il convient de toujours manipuler les produits chimiques de recherche avec pr\u00e9caution et de respecter les protocoles de s\u00e9curit\u00e9 appropri\u00e9s.<\/em><\/p>\t\t\t\t\t\t\t\t<\/div>\n\t\t\t\t<\/div>\n\t\t\t\t\t<\/div>\n\t\t<\/div>\n\t\t\t\t\t<\/div>\n\t\t<\/section>\n\t\t\t\t<\/div>","protected":false},"excerpt":{"rendered":"<p>Produit chimique de recherche test\u00e9 avec pr\u00e9cision, conforme, fiable et livr\u00e9 avec pr\u00e9cision et soin.<\/p>","protected":false},"featured_media":1641,"comment_status":"open","ping_status":"closed","template":"","meta":{"inline_featured_image":false},"etheme_brands":[],"product_brand":[],"product_cat":[38],"product_tag":[47,45,46,48],"class_list":{"0":"post-618","1":"product","2":"type-product","3":"status-publish","4":"has-post-thumbnail","6":"product_cat-3-mmc","7":"product_tag-3-mmc-powder","8":"product_tag-buy-3-mmc","9":"product_tag-buy-3-mmc-online","10":"product_tag-research-chemicals","12":"first","13":"instock","14":"shipping-taxable","15":"purchasable","16":"product-type-variable"},"_links":{"self":[{"href":"https:\/\/chemagora.eu\/fr\/wp-json\/wp\/v2\/product\/618","targetHints":{"allow":["GET"]}}],"collection":[{"href":"https:\/\/chemagora.eu\/fr\/wp-json\/wp\/v2\/product"}],"about":[{"href":"https:\/\/chemagora.eu\/fr\/wp-json\/wp\/v2\/types\/product"}],"replies":[{"embeddable":true,"href":"https:\/\/chemagora.eu\/fr\/wp-json\/wp\/v2\/comments?post=618"}],"version-history":[{"count":1,"href":"https:\/\/chemagora.eu\/fr\/wp-json\/wp\/v2\/product\/618\/revisions"}],"predecessor-version":[{"id":2396,"href":"https:\/\/chemagora.eu\/fr\/wp-json\/wp\/v2\/product\/618\/revisions\/2396"}],"wp:featuredmedia":[{"embeddable":true,"href":"https:\/\/chemagora.eu\/fr\/wp-json\/wp\/v2\/media\/1641"}],"wp:attachment":[{"href":"https:\/\/chemagora.eu\/fr\/wp-json\/wp\/v2\/media?parent=618"}],"wp:term":[{"taxonomy":"brand","embeddable":true,"href":"https:\/\/chemagora.eu\/fr\/wp-json\/wp\/v2\/etheme_brands?post=618"},{"taxonomy":"product_brand","embeddable":true,"href":"https:\/\/chemagora.eu\/fr\/wp-json\/wp\/v2\/product_brand?post=618"},{"taxonomy":"product_cat","embeddable":true,"href":"https:\/\/chemagora.eu\/fr\/wp-json\/wp\/v2\/product_cat?post=618"},{"taxonomy":"product_tag","embeddable":true,"href":"https:\/\/chemagora.eu\/fr\/wp-json\/wp\/v2\/product_tag?post=618"}],"curies":[{"name":"wp","href":"https:\/\/api.w.org\/{rel}","templated":true}]}}