{"id":622,"date":"2022-10-06T12:32:52","date_gmt":"2022-10-06T12:32:52","guid":{"rendered":"https:\/\/xstore.8theme.com\/elementor\/demos\/hemp-and-cbd\/?post_type=product&#038;p=622"},"modified":"2026-02-15T03:33:29","modified_gmt":"2026-02-15T03:33:29","slug":"cristal-3-mmc","status":"publish","type":"product","link":"https:\/\/chemagora.eu\/fr\/produit\/cristal-3-mmc\/","title":{"rendered":"3-MMC Cristal"},"content":{"rendered":"<div data-elementor-type=\"wp-post\" data-elementor-id=\"622\" class=\"elementor elementor-622\" data-elementor-post-type=\"product\">\n\t\t\t\t\t\t<section class=\"elementor-section elementor-top-section elementor-element elementor-element-6e1631b elementor-section-boxed elementor-section-height-default elementor-section-height-default\" data-id=\"6e1631b\" data-element_type=\"section\" data-e-type=\"section\">\n\t\t\t\t\t\t<div class=\"elementor-container elementor-column-gap-no\">\n\t\t\t\t\t<div class=\"elementor-column elementor-col-100 elementor-top-column elementor-element elementor-element-70031b0\" data-id=\"70031b0\" data-element_type=\"column\" data-e-type=\"column\">\n\t\t\t<div class=\"elementor-widget-wrap elementor-element-populated\">\n\t\t\t\t\t\t<div class=\"elementor-element elementor-element-213237b elementor-widget elementor-widget-heading\" data-id=\"213237b\" data-element_type=\"widget\" data-e-type=\"widget\" data-widget_type=\"heading.default\">\n\t\t\t\t<div class=\"elementor-widget-container\">\n\t\t\t\t\t<h2 class=\"elementor-heading-title elementor-size-default\">Acheter des cristaux de 3-MMC de haute qualit\u00e9 en ligne | Chemagora - Your Trusted Partner in Research<\/h2>\t\t\t\t<\/div>\n\t\t\t\t<\/div>\n\t\t\t\t<div class=\"elementor-element elementor-element-0657ec8 elementor-widget elementor-widget-text-editor\" data-id=\"0657ec8\" data-element_type=\"widget\" data-e-type=\"widget\" data-widget_type=\"text-editor.default\">\n\t\t\t\t<div class=\"elementor-widget-container\">\n\t\t\t\t\t\t\t\t\t<p>Vous \u00eates \u00e0 la recherche de produits de qualit\u00e9 sup\u00e9rieure <strong>3-MMC Poudre<\/strong> pour vos \u00e9tudes scientifiques ? A <a href=\"https:\/\/chemagora.eu\/fr\/boutique\/\">Chemagora<\/a>Nous sommes sp\u00e9cialis\u00e9s dans la fourniture de <a href=\"http:\/\/reine-chemikalien.com\" target=\"_blank\" rel=\"noopener\">chercheurs<\/a> avec des compos\u00e9s de haute puret\u00e9 pour soutenir la recherche innovante dans divers domaines.<\/p>\t\t\t\t\t\t\t\t<\/div>\n\t\t\t\t<\/div>\n\t\t\t\t<div class=\"elementor-element elementor-element-35d4250 elementor-widget elementor-widget-heading\" data-id=\"35d4250\" data-element_type=\"widget\" data-e-type=\"widget\" data-widget_type=\"heading.default\">\n\t\t\t\t<div class=\"elementor-widget-container\">\n\t\t\t\t\t<h2 class=\"elementor-heading-title elementor-size-default\">Qu'est-ce que le 3-MMC ?<\/h2>\t\t\t\t<\/div>\n\t\t\t\t<\/div>\n\t\t\t\t<div class=\"elementor-element elementor-element-df6a2c1 elementor-widget elementor-widget-text-editor\" data-id=\"df6a2c1\" data-element_type=\"widget\" data-e-type=\"widget\" data-widget_type=\"text-editor.default\">\n\t\t\t\t<div class=\"elementor-widget-container\">\n\t\t\t\t\t\t\t\t\t<p><strong>3-MMC (3-M\u00e9thylm\u00e9thcathinone)<\/strong> est un compos\u00e9 synth\u00e9tique de cathinone couramment utilis\u00e9 dans la recherche en laboratoire pour ses propri\u00e9t\u00e9s bien d\u00e9finies. Sa structure mol\u00e9culaire ressemble \u00e0 celle de la m\u00e9ph\u00e9drone, ce qui en fait un sujet d'int\u00e9r\u00eat pour les \u00e9tudes pharmacologiques et chimiques. Chez Chemagora, nous proposons <strong>Cristaux 3-MMC<\/strong> d'une puret\u00e9 in\u00e9gal\u00e9e afin d'obtenir des r\u00e9sultats de recherche coh\u00e9rents et fiables.<\/p>\t\t\t\t\t\t\t\t<\/div>\n\t\t\t\t<\/div>\n\t\t\t\t\t<\/div>\n\t\t<\/div>\n\t\t\t\t\t<\/div>\n\t\t<\/section>\n\t\t\t\t<section class=\"elementor-section elementor-top-section elementor-element elementor-element-288b1b8 elementor-section-boxed elementor-section-height-default elementor-section-height-default\" data-id=\"288b1b8\" data-element_type=\"section\" data-e-type=\"section\" data-settings=\"{&quot;background_background&quot;:&quot;classic&quot;}\">\n\t\t\t\t\t\t<div class=\"elementor-container elementor-column-gap-no\">\n\t\t\t\t\t<div class=\"elementor-column elementor-col-33 elementor-top-column elementor-element elementor-element-d437bc0\" data-id=\"d437bc0\" data-element_type=\"column\" data-e-type=\"column\">\n\t\t\t<div class=\"elementor-widget-wrap elementor-element-populated\">\n\t\t\t\t\t\t<div class=\"elementor-element elementor-element-819b273 elementor-widget elementor-widget-heading\" data-id=\"819b273\" data-element_type=\"widget\" data-e-type=\"widget\" data-widget_type=\"heading.default\">\n\t\t\t\t<div class=\"elementor-widget-container\">\n\t\t\t\t\t<h2 class=\"elementor-heading-title elementor-size-default\">Informations chimiques<\/h2>\t\t\t\t<\/div>\n\t\t\t\t<\/div>\n\t\t\t\t<div class=\"elementor-element elementor-element-476a104 elementor-widget elementor-widget-text-editor\" data-id=\"476a104\" data-element_type=\"widget\" data-e-type=\"widget\" data-widget_type=\"text-editor.default\">\n\t\t\t\t<div class=\"elementor-widget-container\">\n\t\t\t\t\t\t\t\t\t<ul><li><strong>Nom chimique :<\/strong> 3-M\u00e9thylm\u00e9thcathinone<\/li><li><strong>Formule mol\u00e9culaire :<\/strong> C11H15NO<\/li><li><strong>Masse molaire :<\/strong> 177,24 g\/mol<\/li><li><strong>Nom de l&#039;UICPA :<\/strong> 2-(m\u00e9thylamino)-1-(3-m\u00e9thylph\u00e9nyl)propan-1-one<\/li><\/ul>\t\t\t\t\t\t\t\t<\/div>\n\t\t\t\t<\/div>\n\t\t\t\t\t<\/div>\n\t\t<\/div>\n\t\t\t\t<div class=\"elementor-column elementor-col-33 elementor-top-column elementor-element elementor-element-39fcad3\" data-id=\"39fcad3\" data-element_type=\"column\" data-e-type=\"column\">\n\t\t\t<div class=\"elementor-widget-wrap elementor-element-populated\">\n\t\t\t\t\t\t<div class=\"elementor-element elementor-element-61cf8f7 elementor-widget elementor-widget-heading\" data-id=\"61cf8f7\" data-element_type=\"widget\" data-e-type=\"widget\" data-widget_type=\"heading.default\">\n\t\t\t\t<div class=\"elementor-widget-container\">\n\t\t\t\t\t<h2 class=\"elementor-heading-title elementor-size-default\">Propri\u00e9t\u00e9s physiques et chimiques<\/h2>\t\t\t\t<\/div>\n\t\t\t\t<\/div>\n\t\t\t\t<div class=\"elementor-element elementor-element-31e542d elementor-widget elementor-widget-text-editor\" data-id=\"31e542d\" data-element_type=\"widget\" data-e-type=\"widget\" data-widget_type=\"text-editor.default\">\n\t\t\t\t<div class=\"elementor-widget-container\">\n\t\t\t\t\t\t\t\t\t<ul><li><strong>Formulaire:<\/strong> Poudre cristalline blanche<\/li><li><strong>Puret\u00e9:<\/strong> \u226599%<\/li><li><strong>Point de fusion:<\/strong> ~180-185\u00b0C<\/li><li><strong>Solubilit\u00e9:<\/strong> Soluble dans l'eau et les solvants organiques tels que l'\u00e9thanol et le m\u00e9thanol<\/li><\/ul>\t\t\t\t\t\t\t\t<\/div>\n\t\t\t\t<\/div>\n\t\t\t\t\t<\/div>\n\t\t<\/div>\n\t\t\t\t<div class=\"elementor-column elementor-col-33 elementor-top-column elementor-element elementor-element-518a13f\" data-id=\"518a13f\" data-element_type=\"column\" data-e-type=\"column\">\n\t\t\t<div class=\"elementor-widget-wrap elementor-element-populated\">\n\t\t\t\t\t\t<div class=\"elementor-element elementor-element-42f3cf1 elementor-widget elementor-widget-heading\" data-id=\"42f3cf1\" data-element_type=\"widget\" data-e-type=\"widget\" data-widget_type=\"heading.default\">\n\t\t\t\t<div class=\"elementor-widget-container\">\n\t\t\t\t\t<h2 class=\"elementor-heading-title elementor-size-default\">Donn\u00e9es analytiques<\/h2>\t\t\t\t<\/div>\n\t\t\t\t<\/div>\n\t\t\t\t<div class=\"elementor-element elementor-element-4ed1a2f elementor-widget elementor-widget-text-editor\" data-id=\"4ed1a2f\" data-element_type=\"widget\" data-e-type=\"widget\" data-widget_type=\"text-editor.default\">\n\t\t\t\t<div class=\"elementor-widget-container\">\n\t\t\t\t\t\t\t\t\t<ul><li><strong>Analyse RMN :<\/strong> Confirme la structure et la coh\u00e9rence mol\u00e9culaires.<\/li><li><strong>Spectrom\u00e9trie de masse (MS) :<\/strong> Valide le poids mol\u00e9culaire de 177,24 g\/mol.<\/li><li><strong>FTIR (Spectroscopie infrarouge \u00e0 transform\u00e9e de Fourier) :<\/strong> Correspond aux spectres de r\u00e9f\u00e9rence \u00e9tablis.<\/li><\/ul>\t\t\t\t\t\t\t\t<\/div>\n\t\t\t\t<\/div>\n\t\t\t\t\t<\/div>\n\t\t<\/div>\n\t\t\t\t\t<\/div>\n\t\t<\/section>\n\t\t\t\t<section class=\"elementor-section elementor-top-section elementor-element elementor-element-37e8c36 elementor-section-boxed elementor-section-height-default elementor-section-height-default\" data-id=\"37e8c36\" data-element_type=\"section\" data-e-type=\"section\">\n\t\t\t\t\t\t<div class=\"elementor-container elementor-column-gap-no\">\n\t\t\t\t\t<div class=\"elementor-column elementor-col-100 elementor-top-column elementor-element elementor-element-58c92ed\" data-id=\"58c92ed\" data-element_type=\"column\" data-e-type=\"column\">\n\t\t\t<div class=\"elementor-widget-wrap elementor-element-populated\">\n\t\t\t\t\t\t<div class=\"elementor-element elementor-element-41ac3c5 elementor-widget elementor-widget-heading\" data-id=\"41ac3c5\" data-element_type=\"widget\" data-e-type=\"widget\" data-widget_type=\"heading.default\">\n\t\t\t\t<div class=\"elementor-widget-container\">\n\t\t\t\t\t<h2 class=\"elementor-heading-title elementor-size-default\">Pourquoi choisir Chemagora pour les cristaux de 3-MMC ?<\/h2>\t\t\t\t<\/div>\n\t\t\t\t<\/div>\n\t\t\t\t<div class=\"elementor-element elementor-element-e54cbff elementor-widget elementor-widget-text-editor\" data-id=\"e54cbff\" data-element_type=\"widget\" data-e-type=\"widget\" data-widget_type=\"text-editor.default\">\n\t\t\t\t<div class=\"elementor-widget-container\">\n\t\t\t\t\t\t\t\t\t<h4><strong>1. Une puret\u00e9 in\u00e9gal\u00e9e<\/strong><\/h4><p>Notre <strong>Cristaux 3-MMC<\/strong> sont test\u00e9s en laboratoire avec un niveau de puret\u00e9 v\u00e9rifi\u00e9 de <strong>\u226599%<\/strong>Ils r\u00e9pondent ainsi aux normes les plus strictes en mati\u00e8re de recherche professionnelle.<\/p><h4><strong>2. Forme cristalline sup\u00e9rieure<\/strong><\/h4><p>Le produit se pr\u00e9sente sous la forme d'un <strong>structure cristalline blanche<\/strong>Il est donc facile \u00e0 manipuler, \u00e0 mesurer et \u00e0 appliquer avec pr\u00e9cision dans les laboratoires.<\/p><h4><strong>3. Confiance de la part de <a href=\"http:\/\/pure-3mmc.com\" target=\"_blank\" rel=\"noopener\">Chercheurs<\/a> Dans toute l'Europe<\/strong><\/h4><p>D'Amsterdam \u00e0 Berlin, de Madrid \u00e0 Paris, Chemagora est le choix de confiance pour <a href=\"https:\/\/chemagora.eu\/fr\/produit\/poudre-de-nep\/\" data-wpil-monitor-id=\"55\">les institutions de recherche et les professionnels \u00e0 la recherche de produits chimiques fiables<\/a> des fournitures.<\/p><h4><strong>4. Exp\u00e9dition rapide, s\u00e9curis\u00e9e et discr\u00e8te<\/strong><\/h4><p>Toutes les commandes sont trait\u00e9es rapidement et livr\u00e9es discr\u00e8tement pour garantir votre confidentialit\u00e9 et votre commodit\u00e9. Que vous commandiez \u00e0 <strong>Rome<\/strong>, <strong>Barcelone<\/strong>ou <strong>Rotterdam<\/strong>Nous avons tout ce qu'il vous faut.<\/p><h4><strong>5. \u00c9quipe d'assistance d\u00e9di\u00e9e<\/strong><\/h4><p>Notre \u00e9quipe d'assistance \u00e0 la client\u00e8le est l\u00e0 pour vous guider tout au long du processus d'achat et pour r\u00e9pondre \u00e0 toutes les questions relatives aux produits. Avec Chemagora, vous n'\u00eates jamais seul.<\/p>\t\t\t\t\t\t\t\t<\/div>\n\t\t\t\t<\/div>\n\t\t\t\t<div class=\"elementor-element elementor-element-fd9dbab elementor-widget elementor-widget-heading\" data-id=\"fd9dbab\" data-element_type=\"widget\" data-e-type=\"widget\" data-widget_type=\"heading.default\">\n\t\t\t\t<div class=\"elementor-widget-container\">\n\t\t\t\t\t<h2 class=\"elementor-heading-title elementor-size-default\">Conformit\u00e9 l\u00e9gale<\/h2>\t\t\t\t<\/div>\n\t\t\t\t<\/div>\n\t\t\t\t<div class=\"elementor-element elementor-element-d5d0739 elementor-widget elementor-widget-text-editor\" data-id=\"d5d0739\" data-element_type=\"widget\" data-e-type=\"widget\" data-widget_type=\"text-editor.default\">\n\t\t\t\t<div class=\"elementor-widget-container\">\n\t\t\t\t\t\t\t\t\t<p>Le statut juridique de <strong>3-MMC<\/strong> varie d'un pays \u00e0 l'autre. Il est de la seule responsabilit\u00e9 de l'acheteur de s'assurer de la conformit\u00e9 avec les r\u00e9glementations locales avant d'acheter ou d'utiliser ce produit.<\/p>\t\t\t\t\t\t\t\t<\/div>\n\t\t\t\t<\/div>\n\t\t\t\t<div class=\"elementor-element elementor-element-b3d4a4f elementor-alert-info elementor-widget elementor-widget-alert\" data-id=\"b3d4a4f\" data-element_type=\"widget\" data-e-type=\"widget\" data-widget_type=\"alert.default\">\n\t\t\t\t<div class=\"elementor-widget-container\">\n\t\t\t\t\t\t\t<div class=\"elementor-alert\" role=\"alert\">\n\n\t\t\t\t\t\t<span class=\"elementor-alert-title\">Clause de non-responsabilit\u00e9<\/span>\n\t\t\t\n\t\t\t\t\t\t<span class=\"elementor-alert-description\">Ce produit est strictement destin\u00e9 \u00e0 des fins de recherche et d&#039;analyse uniquement. Il n&#039;est en aucun cas destin\u00e9 \u00e0 la consommation humaine ou animale.<\/span>\n\t\t\t\n\t\t\t\t\t\t<button type=\"button\" class=\"elementor-alert-dismiss\" aria-label=\"Supprimer cette alerte.\">\n\t\t\t\t\t\t\t\t\t<span aria-hidden=\"true\">\u00d7<\/span>\n\t\t\t\t\t\t\t<\/button>\n\t\t\t\n\t\t<\/div>\n\t\t\t\t\t\t<\/div>\n\t\t\t\t<\/div>\n\t\t\t\t<div class=\"elementor-element elementor-element-71d4434 elementor-widget elementor-widget-heading\" data-id=\"71d4434\" data-element_type=\"widget\" data-e-type=\"widget\" data-widget_type=\"heading.default\">\n\t\t\t\t<div class=\"elementor-widget-container\">\n\t\t\t\t\t<h2 class=\"elementor-heading-title elementor-size-default\">Commandez vos cristaux 3-MMC d\u00e8s aujourd'hui<\/h2>\t\t\t\t<\/div>\n\t\t\t\t<\/div>\n\t\t\t\t<div class=\"elementor-element elementor-element-04e2e05 elementor-widget elementor-widget-text-editor\" data-id=\"04e2e05\" data-element_type=\"widget\" data-e-type=\"widget\" data-widget_type=\"text-editor.default\">\n\t\t\t\t<div class=\"elementor-widget-container\">\n\t\t\t\t\t\t\t\t\t<p>Faites passer vos recherches au niveau sup\u00e9rieur avec Chemagora <strong>cristaux de haute qualit\u00e9 3-MMC<\/strong>. Rejoignez les milliers de personnes satisfaites <a href=\"https:\/\/chemagora.eu\/fr\/produit\/cristal-mdpihp\/\" data-wpil-monitor-id=\"56\">chercheurs en Europe qui nous font confiance pour leurs travaux de<\/a> des fournitures. <strong>Passez votre commande aujourd'hui<\/strong> et en profiter :<\/p><ul><li>Une qualit\u00e9 de produit de premier ordre<\/li><li>Livraison s\u00e9curis\u00e9e et discr\u00e8te<\/li><li>Un soutien d'experts pour tous vos besoins en mati\u00e8re de recherche<\/li><\/ul>\t\t\t\t\t\t\t\t<\/div>\n\t\t\t\t<\/div>\n\t\t\t\t\t<\/div>\n\t\t<\/div>\n\t\t\t\t\t<\/div>\n\t\t<\/section>\n\t\t\t\t<\/div>","protected":false},"excerpt":{"rendered":"<p>Produit chimique de recherche test\u00e9 avec pr\u00e9cision, conforme, fiable et livr\u00e9 avec pr\u00e9cision et soin.<\/p>","protected":false},"featured_media":1577,"comment_status":"open","ping_status":"closed","template":"","meta":{"inline_featured_image":false},"etheme_brands":[],"product_brand":[],"product_cat":[38],"product_tag":[],"class_list":{"0":"post-622","1":"product","2":"type-product","3":"status-publish","4":"has-post-thumbnail","6":"product_cat-3-mmc","8":"first","9":"instock","10":"shipping-taxable","11":"purchasable","12":"product-type-variable"},"_links":{"self":[{"href":"https:\/\/chemagora.eu\/fr\/wp-json\/wp\/v2\/product\/622","targetHints":{"allow":["GET"]}}],"collection":[{"href":"https:\/\/chemagora.eu\/fr\/wp-json\/wp\/v2\/product"}],"about":[{"href":"https:\/\/chemagora.eu\/fr\/wp-json\/wp\/v2\/types\/product"}],"replies":[{"embeddable":true,"href":"https:\/\/chemagora.eu\/fr\/wp-json\/wp\/v2\/comments?post=622"}],"version-history":[{"count":1,"href":"https:\/\/chemagora.eu\/fr\/wp-json\/wp\/v2\/product\/622\/revisions"}],"predecessor-version":[{"id":2382,"href":"https:\/\/chemagora.eu\/fr\/wp-json\/wp\/v2\/product\/622\/revisions\/2382"}],"wp:featuredmedia":[{"embeddable":true,"href":"https:\/\/chemagora.eu\/fr\/wp-json\/wp\/v2\/media\/1577"}],"wp:attachment":[{"href":"https:\/\/chemagora.eu\/fr\/wp-json\/wp\/v2\/media?parent=622"}],"wp:term":[{"taxonomy":"brand","embeddable":true,"href":"https:\/\/chemagora.eu\/fr\/wp-json\/wp\/v2\/etheme_brands?post=622"},{"taxonomy":"product_brand","embeddable":true,"href":"https:\/\/chemagora.eu\/fr\/wp-json\/wp\/v2\/product_brand?post=622"},{"taxonomy":"product_cat","embeddable":true,"href":"https:\/\/chemagora.eu\/fr\/wp-json\/wp\/v2\/product_cat?post=622"},{"taxonomy":"product_tag","embeddable":true,"href":"https:\/\/chemagora.eu\/fr\/wp-json\/wp\/v2\/product_tag?post=622"}],"curies":[{"name":"wp","href":"https:\/\/api.w.org\/{rel}","templated":true}]}}