{"id":496,"date":"2022-10-06T11:29:07","date_gmt":"2022-10-06T11:29:07","guid":{"rendered":"https:\/\/xstore.8theme.com\/elementor\/demos\/hemp-and-cbd\/?post_type=product&#038;p=496"},"modified":"2025-01-25T05:16:41","modified_gmt":"2025-01-25T05:16:41","slug":"pellet-di-nep","status":"publish","type":"product","link":"https:\/\/chemagora.eu\/it\/product\/pellet-di-nep\/","title":{"rendered":"NEP (Pentedrone) Pellets"},"content":{"rendered":"<div data-elementor-type=\"wp-post\" data-elementor-id=\"496\" class=\"elementor elementor-496\" data-elementor-post-type=\"product\">\n\t\t\t\t\t\t<section class=\"elementor-section elementor-top-section elementor-element elementor-element-892d141 elementor-section-boxed elementor-section-height-default elementor-section-height-default\" data-id=\"892d141\" data-element_type=\"section\" data-e-type=\"section\">\n\t\t\t\t\t\t<div class=\"elementor-container elementor-column-gap-no\">\n\t\t\t\t\t<div class=\"elementor-column elementor-col-100 elementor-top-column elementor-element elementor-element-b561888\" data-id=\"b561888\" data-element_type=\"column\" data-e-type=\"column\">\n\t\t\t<div class=\"elementor-widget-wrap elementor-element-populated\">\n\t\t\t\t\t\t<div class=\"elementor-element elementor-element-2e3b062 elementor-widget elementor-widget-heading\" data-id=\"2e3b062\" data-element_type=\"widget\" data-e-type=\"widget\" data-widget_type=\"heading.default\">\n\t\t\t\t<div class=\"elementor-widget-container\">\n\t\t\t\t\t<h2 class=\"elementor-heading-title elementor-size-default\">Acquista pellet NEP online | Prodotti chimici di ricerca premium da Chemagora<\/h2>\t\t\t\t<\/div>\n\t\t\t\t<\/div>\n\t\t\t\t<div class=\"elementor-element elementor-element-1e9de30 elementor-widget elementor-widget-text-editor\" data-id=\"1e9de30\" data-element_type=\"widget\" data-e-type=\"widget\" data-widget_type=\"text-editor.default\">\n\t\t\t\t<div class=\"elementor-widget-container\">\n\t\t\t\t\t\t\t\t\t<p>Cercando <strong>Pellet di NEP (N-etilpentedrone)<\/strong> per far progredire la tua ricerca? <a href=\"https:\/\/chemagora.eu\/it\/shop\/\">Chemagora<\/a> \u00e8 specializzata nella fornitura di prodotti chimici di ricerca ad alta purezza a laboratori e scienziati in tutta Europa. Noti per la qualit\u00e0 e l&#039;affidabilit\u00e0, siamo la scelta di fiducia per i ricercatori in Germania, Francia, Spagna, Italia e Paesi Bassi.<\/p>\t\t\t\t\t\t\t\t<\/div>\n\t\t\t\t<\/div>\n\t\t\t\t<div class=\"elementor-element elementor-element-96213b4 elementor-widget elementor-widget-heading\" data-id=\"96213b4\" data-element_type=\"widget\" data-e-type=\"widget\" data-widget_type=\"heading.default\">\n\t\t\t\t<div class=\"elementor-widget-container\">\n\t\t\t\t\t<h2 class=\"elementor-heading-title elementor-size-default\">Che cos&#039;\u00e8 NEP (N-etilpentedrone)?<\/h2>\t\t\t\t<\/div>\n\t\t\t\t<\/div>\n\t\t\t\t<div class=\"elementor-element elementor-element-92fc123 elementor-widget elementor-widget-text-editor\" data-id=\"92fc123\" data-element_type=\"widget\" data-e-type=\"widget\" data-widget_type=\"text-editor.default\">\n\t\t\t\t<div class=\"elementor-widget-container\">\n\t\t\t\t\t\t\t\t\t<p><strong>N-etilpentedrone (NEP)<\/strong> \u00e8 un catinone sintetico noto per la sua struttura molecolare distintiva e le sue propriet\u00e0 chimiche. Come un analogo N-etile di <a href=\"https:\/\/chemagora.eu\/it\/product\/polvere-di-nep\/\"  data-wpil-monitor-id=\"51\">pentedrone<\/a>, \u00e8 ampiamente studiato per le sue caratteristiche chimiche avanzate. Fornito in una comoda forma pellettata, <strong>Pellet NEP<\/strong> garantiscono una consistenza e una precisione eccezionali, rendendoli ideali per applicazioni di laboratorio controllate.<\/p>\t\t\t\t\t\t\t\t<\/div>\n\t\t\t\t<\/div>\n\t\t\t\t\t<\/div>\n\t\t<\/div>\n\t\t\t\t\t<\/div>\n\t\t<\/section>\n\t\t\t\t<section class=\"elementor-section elementor-top-section elementor-element elementor-element-963841a elementor-section-boxed elementor-section-height-default elementor-section-height-default\" data-id=\"963841a\" data-element_type=\"section\" data-e-type=\"section\" data-settings=\"{&quot;background_background&quot;:&quot;classic&quot;}\">\n\t\t\t\t\t\t<div class=\"elementor-container elementor-column-gap-no\">\n\t\t\t\t\t<div class=\"elementor-column elementor-col-33 elementor-top-column elementor-element elementor-element-e570bf4\" data-id=\"e570bf4\" data-element_type=\"column\" data-e-type=\"column\">\n\t\t\t<div class=\"elementor-widget-wrap elementor-element-populated\">\n\t\t\t\t\t\t<div class=\"elementor-element elementor-element-ff4ee31 elementor-widget elementor-widget-heading\" data-id=\"ff4ee31\" data-element_type=\"widget\" data-e-type=\"widget\" data-widget_type=\"heading.default\">\n\t\t\t\t<div class=\"elementor-widget-container\">\n\t\t\t\t\t<h2 class=\"elementor-heading-title elementor-size-default\">Informazioni chimiche<\/h2>\t\t\t\t<\/div>\n\t\t\t\t<\/div>\n\t\t\t\t<div class=\"elementor-element elementor-element-52c8869 elementor-widget elementor-widget-text-editor\" data-id=\"52c8869\" data-element_type=\"widget\" data-e-type=\"widget\" data-widget_type=\"text-editor.default\">\n\t\t\t\t<div class=\"elementor-widget-container\">\n\t\t\t\t\t\t\t\t\t<ul><li><strong>Nome chimico:<\/strong> N-etilpentedrone<\/li><li><strong>Numero CAS:<\/strong> 18268-16-1<\/li><li><strong>Formula molecolare:<\/strong> C13H19NO<\/li><li><strong>Massa molare:<\/strong> 205,3 g\/mol<\/li><li><strong>Nome IUPAC:<\/strong> 2-(etilammino)-1-fenilpentan-1-one<\/li><\/ul>\t\t\t\t\t\t\t\t<\/div>\n\t\t\t\t<\/div>\n\t\t\t\t\t<\/div>\n\t\t<\/div>\n\t\t\t\t<div class=\"elementor-column elementor-col-33 elementor-top-column elementor-element elementor-element-655e479\" data-id=\"655e479\" data-element_type=\"column\" data-e-type=\"column\">\n\t\t\t<div class=\"elementor-widget-wrap elementor-element-populated\">\n\t\t\t\t\t\t<div class=\"elementor-element elementor-element-fe0f459 elementor-widget elementor-widget-heading\" data-id=\"fe0f459\" data-element_type=\"widget\" data-e-type=\"widget\" data-widget_type=\"heading.default\">\n\t\t\t\t<div class=\"elementor-widget-container\">\n\t\t\t\t\t<h2 class=\"elementor-heading-title elementor-size-default\">Propriet\u00e0 fisiche e chimiche<\/h2>\t\t\t\t<\/div>\n\t\t\t\t<\/div>\n\t\t\t\t<div class=\"elementor-element elementor-element-7b1f29c elementor-widget elementor-widget-text-editor\" data-id=\"7b1f29c\" data-element_type=\"widget\" data-e-type=\"widget\" data-widget_type=\"text-editor.default\">\n\t\t\t\t<div class=\"elementor-widget-container\">\n\t\t\t\t\t\t\t\t\t<ul><li><strong>Modulo:<\/strong> Pellet bianchi<\/li><li><strong>Purezza:<\/strong> \u226599% (verificato in laboratorio)<\/li><li><strong>Punto di fusione:<\/strong> Temperatura ~120\u2013125\u00b0C<\/li><li><strong>Solubilit\u00e0:<\/strong> Solubile in acqua, etanolo e metanolo<\/li><li><strong>Stabilit\u00e0:<\/strong> Stabile in condizioni di laboratorio standard<\/li><\/ul>\t\t\t\t\t\t\t\t<\/div>\n\t\t\t\t<\/div>\n\t\t\t\t\t<\/div>\n\t\t<\/div>\n\t\t\t\t<div class=\"elementor-column elementor-col-33 elementor-top-column elementor-element elementor-element-5e7ac3b\" data-id=\"5e7ac3b\" data-element_type=\"column\" data-e-type=\"column\">\n\t\t\t<div class=\"elementor-widget-wrap elementor-element-populated\">\n\t\t\t\t\t\t<div class=\"elementor-element elementor-element-81ac5f4 elementor-widget elementor-widget-heading\" data-id=\"81ac5f4\" data-element_type=\"widget\" data-e-type=\"widget\" data-widget_type=\"heading.default\">\n\t\t\t\t<div class=\"elementor-widget-container\">\n\t\t\t\t\t<h2 class=\"elementor-heading-title elementor-size-default\">Dati analitici<\/h2>\t\t\t\t<\/div>\n\t\t\t\t<\/div>\n\t\t\t\t<div class=\"elementor-element elementor-element-4f6fff2 elementor-widget elementor-widget-text-editor\" data-id=\"4f6fff2\" data-element_type=\"widget\" data-e-type=\"widget\" data-widget_type=\"text-editor.default\">\n\t\t\t\t<div class=\"elementor-widget-container\">\n\t\t\t\t\t\t\t\t\t<ul><li><strong>NMR (Risonanza Magnetica Nucleare):<\/strong> Conferma la struttura molecolare e la coerenza<\/li><li><strong>MS (spettrometria di massa):<\/strong> Corrisponde al peso molecolare di 205,3 g\/mol<\/li><li><strong>FTIR (spettroscopia infrarossa a trasformata di Fourier):<\/strong> Corrisponde agli spettri di riferimento standard<\/li><\/ul>\t\t\t\t\t\t\t\t<\/div>\n\t\t\t\t<\/div>\n\t\t\t\t\t<\/div>\n\t\t<\/div>\n\t\t\t\t\t<\/div>\n\t\t<\/section>\n\t\t\t\t<section class=\"elementor-section elementor-top-section elementor-element elementor-element-c6c04b4 elementor-section-boxed elementor-section-height-default elementor-section-height-default\" data-id=\"c6c04b4\" data-element_type=\"section\" data-e-type=\"section\">\n\t\t\t\t\t\t<div class=\"elementor-container elementor-column-gap-no\">\n\t\t\t\t\t<div class=\"elementor-column elementor-col-100 elementor-top-column elementor-element elementor-element-00623dd\" data-id=\"00623dd\" data-element_type=\"column\" data-e-type=\"column\">\n\t\t\t<div class=\"elementor-widget-wrap elementor-element-populated\">\n\t\t\t\t\t\t<div class=\"elementor-element elementor-element-10b2e7a elementor-widget elementor-widget-heading\" data-id=\"10b2e7a\" data-element_type=\"widget\" data-e-type=\"widget\" data-widget_type=\"heading.default\">\n\t\t\t\t<div class=\"elementor-widget-container\">\n\t\t\t\t\t<h2 class=\"elementor-heading-title elementor-size-default\">Perch\u00e9 scegliere Chemagora per i pellet NEP?<\/h2>\t\t\t\t<\/div>\n\t\t\t\t<\/div>\n\t\t\t\t<div class=\"elementor-element elementor-element-f0056fc elementor-widget elementor-widget-text-editor\" data-id=\"f0056fc\" data-element_type=\"widget\" data-e-type=\"widget\" data-widget_type=\"text-editor.default\">\n\t\t\t\t<div class=\"elementor-widget-container\">\n\t\t\t\t\t\t\t\t\t<h4><strong>1. Purezza eccezionale<\/strong><\/h4><p>Nostro <strong>Pellet NEP<\/strong> sono testati in laboratorio per garantire <strong>Purezza \u226599%<\/strong>, offrendo ai ricercatori un prodotto di alta qualit\u00e0 e privo di impurit\u00e0.<\/p><h4><strong>2. Forma di pellet uniforme<\/strong><\/h4><p>Il formato pelletizzato garantisce un dosaggio e una manipolazione precisi, consentendo risultati riproducibili e costanti in ogni esperimento.<\/p><h4><strong>3. Fiducia in tutta Europa<\/strong><\/h4><p>Da Amsterdam a Berlino, da Madrid a Roma, Chemagora \u00e8 un fornitore preferito per istituti di ricerca e professionisti in tutta Europa.<\/p><h4><strong>4. Spedizione veloce e sicura<\/strong><\/h4><p>Comprendiamo l&#039;importanza di una consegna puntuale. Tutti gli ordini vengono elaborati rapidamente, spediti con discrezione e consegnati in modo sicuro per garantire che il tuo prodotto arrivi in perfette condizioni.<\/p><h4><strong>5. Supporto dedicato<\/strong><\/h4><p>Il nostro team competente \u00e8 disponibile per assisterti a <a href=\"https:\/\/chemagora.eu\/it\/planting-tree-for-every-product-sold-we-plant-trees\/\"  data-wpil-monitor-id=\"52\">ogni passaggio, dalla risposta al prodotto<\/a> dalle richieste di informazioni agli aggiornamenti sugli ordini, garantendo un&#039;esperienza di acquisto fluida.<\/p>\t\t\t\t\t\t\t\t<\/div>\n\t\t\t\t<\/div>\n\t\t\t\t<div class=\"elementor-element elementor-element-8decd8d elementor-widget elementor-widget-heading\" data-id=\"8decd8d\" data-element_type=\"widget\" data-e-type=\"widget\" data-widget_type=\"heading.default\">\n\t\t\t\t<div class=\"elementor-widget-container\">\n\t\t\t\t\t<h2 class=\"elementor-heading-title elementor-size-default\">Conformit\u00e0 legale<\/h2>\t\t\t\t<\/div>\n\t\t\t\t<\/div>\n\t\t\t\t<div class=\"elementor-element elementor-element-01383cf elementor-widget elementor-widget-text-editor\" data-id=\"01383cf\" data-element_type=\"widget\" data-e-type=\"widget\" data-widget_type=\"text-editor.default\">\n\t\t\t\t<div class=\"elementor-widget-container\">\n\t\t\t\t\t\t\t\t\t<p>Lo stato giuridico di <strong>Pellet NEP<\/strong> varia a seconda delle diverse regioni. \u00c8 responsabilit\u00e0 dell&#039;acquirente garantire la conformit\u00e0 a tutte le normative locali prima di acquistare o utilizzare questo prodotto.<\/p>\t\t\t\t\t\t\t\t<\/div>\n\t\t\t\t<\/div>\n\t\t\t\t<div class=\"elementor-element elementor-element-b46ba27 elementor-alert-info elementor-widget elementor-widget-alert\" data-id=\"b46ba27\" data-element_type=\"widget\" data-e-type=\"widget\" data-widget_type=\"alert.default\">\n\t\t\t\t<div class=\"elementor-widget-container\">\n\t\t\t\t\t\t\t<div class=\"elementor-alert\" role=\"alert\">\n\n\t\t\t\t\t\t<span class=\"elementor-alert-title\">Disclaimer<\/span>\n\t\t\t\n\t\t\t\t\t\t<span class=\"elementor-alert-description\">Questo prodotto \u00e8 destinato esclusivamente a scopi di ricerca e analisi. Non \u00e8 destinato al consumo umano o animale in nessuna circostanza.<\/span>\n\t\t\t\n\t\t\t\t\t\t<button type=\"button\" class=\"elementor-alert-dismiss\" aria-label=\"Dismiss this alert.\">\n\t\t\t\t\t\t\t\t\t<span aria-hidden=\"true\">\u00d7<\/span>\n\t\t\t\t\t\t\t<\/button>\n\t\t\t\n\t\t<\/div>\n\t\t\t\t\t\t<\/div>\n\t\t\t\t<\/div>\n\t\t\t\t<div class=\"elementor-element elementor-element-965c864 elementor-widget elementor-widget-heading\" data-id=\"965c864\" data-element_type=\"widget\" data-e-type=\"widget\" data-widget_type=\"heading.default\">\n\t\t\t\t<div class=\"elementor-widget-container\">\n\t\t\t\t\t<h2 class=\"elementor-heading-title elementor-size-default\">Ordina oggi i tuoi pellet NEP<\/h2>\t\t\t\t<\/div>\n\t\t\t\t<\/div>\n\t\t\t\t<div class=\"elementor-element elementor-element-d663e5e elementor-widget elementor-widget-text-editor\" data-id=\"d663e5e\" data-element_type=\"widget\" data-e-type=\"widget\" data-widget_type=\"text-editor.default\">\n\t\t\t\t<div class=\"elementor-widget-container\">\n\t\t\t\t\t\t\t\t\t<p>Porta la tua ricerca a un livello superiore con Chemagora <strong>Pellet NEP ad alta purezza<\/strong>I nostri prodotti, apprezzati dai ricercatori di tutta Europa, offrono affidabilit\u00e0, precisione e qualit\u00e0 eccezionale per studi avanzati.<\/p>\t\t\t\t\t\t\t\t<\/div>\n\t\t\t\t<\/div>\n\t\t\t\t\t<\/div>\n\t\t<\/div>\n\t\t\t\t\t<\/div>\n\t\t<\/section>\n\t\t\t\t<\/div>","protected":false},"excerpt":{"rendered":"<p>Prodotto chimico di ricerca accuratamente testato, conforme, affidabile e consegnato con precisione e cura.<\/p>","protected":false},"featured_media":2006,"comment_status":"open","ping_status":"closed","template":"","meta":{"inline_featured_image":false},"etheme_brands":[],"product_brand":[],"product_cat":[79],"product_tag":[83,86,84,85,48],"class_list":{"0":"post-496","1":"product","2":"type-product","3":"status-publish","4":"has-post-thumbnail","6":"product_cat-nep","7":"product_tag-buy-nep","8":"product_tag-buy-nep-pellets","9":"product_tag-buy-pentedrone","10":"product_tag-nep-pellets","11":"product_tag-research-chemicals","13":"first","14":"instock","15":"shipping-taxable","16":"purchasable","17":"product-type-variable"},"_links":{"self":[{"href":"https:\/\/chemagora.eu\/it\/wp-json\/wp\/v2\/product\/496","targetHints":{"allow":["GET"]}}],"collection":[{"href":"https:\/\/chemagora.eu\/it\/wp-json\/wp\/v2\/product"}],"about":[{"href":"https:\/\/chemagora.eu\/it\/wp-json\/wp\/v2\/types\/product"}],"replies":[{"embeddable":true,"href":"https:\/\/chemagora.eu\/it\/wp-json\/wp\/v2\/comments?post=496"}],"version-history":[{"count":0,"href":"https:\/\/chemagora.eu\/it\/wp-json\/wp\/v2\/product\/496\/revisions"}],"wp:featuredmedia":[{"embeddable":true,"href":"https:\/\/chemagora.eu\/it\/wp-json\/wp\/v2\/media\/2006"}],"wp:attachment":[{"href":"https:\/\/chemagora.eu\/it\/wp-json\/wp\/v2\/media?parent=496"}],"wp:term":[{"taxonomy":"brand","embeddable":true,"href":"https:\/\/chemagora.eu\/it\/wp-json\/wp\/v2\/etheme_brands?post=496"},{"taxonomy":"product_brand","embeddable":true,"href":"https:\/\/chemagora.eu\/it\/wp-json\/wp\/v2\/product_brand?post=496"},{"taxonomy":"product_cat","embeddable":true,"href":"https:\/\/chemagora.eu\/it\/wp-json\/wp\/v2\/product_cat?post=496"},{"taxonomy":"product_tag","embeddable":true,"href":"https:\/\/chemagora.eu\/it\/wp-json\/wp\/v2\/product_tag?post=496"}],"curies":[{"name":"wp","href":"https:\/\/api.w.org\/{rel}","templated":true}]}}