{"id":500,"date":"2022-10-06T11:29:09","date_gmt":"2022-10-06T11:29:09","guid":{"rendered":"https:\/\/xstore.8theme.com\/elementor\/demos\/hemp-and-cbd\/?post_type=product&#038;p=500"},"modified":"2025-01-24T22:20:17","modified_gmt":"2025-01-24T22:20:17","slug":"polvere-di-nep","status":"publish","type":"product","link":"https:\/\/chemagora.eu\/it\/product\/polvere-di-nep\/","title":{"rendered":"NEP (Pentedrone) polvere"},"content":{"rendered":"<div data-elementor-type=\"wp-post\" data-elementor-id=\"500\" class=\"elementor elementor-500\" data-elementor-post-type=\"product\">\n\t\t\t\t\t\t<section class=\"elementor-section elementor-top-section elementor-element elementor-element-d4e3740 elementor-section-boxed elementor-section-height-default elementor-section-height-default\" data-id=\"d4e3740\" data-element_type=\"section\" data-e-type=\"section\">\n\t\t\t\t\t\t<div class=\"elementor-container elementor-column-gap-no\">\n\t\t\t\t\t<div class=\"elementor-column elementor-col-100 elementor-top-column elementor-element elementor-element-14436cb\" data-id=\"14436cb\" data-element_type=\"column\" data-e-type=\"column\">\n\t\t\t<div class=\"elementor-widget-wrap elementor-element-populated\">\n\t\t\t\t\t\t<div class=\"elementor-element elementor-element-0515758 elementor-widget elementor-widget-heading\" data-id=\"0515758\" data-element_type=\"widget\" data-e-type=\"widget\" data-widget_type=\"heading.default\">\n\t\t\t\t<div class=\"elementor-widget-container\">\n\t\t\t\t\t<h2 class=\"elementor-heading-title elementor-size-default\">Acquista polvere NEP online | Prodotti chimici di ricerca premium da Chemagora<\/h2>\t\t\t\t<\/div>\n\t\t\t\t<\/div>\n\t\t\t\t<div class=\"elementor-element elementor-element-f91fbbd elementor-widget elementor-widget-text-editor\" data-id=\"f91fbbd\" data-element_type=\"widget\" data-e-type=\"widget\" data-widget_type=\"text-editor.default\">\n\t\t\t\t<div class=\"elementor-widget-container\">\n\t\t\t\t\t\t\t\t\t<p>Cercando per <strong>Polvere di NEP (N-etilpentedrone)<\/strong> per migliorare la tua ricerca in laboratorio? <a href=\"https:\/\/chemagora.eu\/it\/shop\/\">Chemagora<\/a> \u00e8 qui per soddisfare le tue esigenze con composti della massima qualit\u00e0. Siamo considerati affidabili dai ricercatori di tutta Europa per i nostri prodotti premium, la consegna rapida e l&#039;eccezionale servizio clienti.<\/p>\t\t\t\t\t\t\t\t<\/div>\n\t\t\t\t<\/div>\n\t\t\t\t<div class=\"elementor-element elementor-element-fe95780 elementor-widget elementor-widget-heading\" data-id=\"fe95780\" data-element_type=\"widget\" data-e-type=\"widget\" data-widget_type=\"heading.default\">\n\t\t\t\t<div class=\"elementor-widget-container\">\n\t\t\t\t\t<h2 class=\"elementor-heading-title elementor-size-default\">Che cos&#039;\u00e8 NEP (N-etilpentedrone)?<\/h2>\t\t\t\t<\/div>\n\t\t\t\t<\/div>\n\t\t\t\t<div class=\"elementor-element elementor-element-6dcf46d elementor-widget elementor-widget-text-editor\" data-id=\"6dcf46d\" data-element_type=\"widget\" data-e-type=\"widget\" data-widget_type=\"text-editor.default\">\n\t\t\t\t<div class=\"elementor-widget-container\">\n\t\t\t\t\t\t\t\t\t<p><strong>N-etilpentedrone (NEP)<\/strong> \u00e8 uno stimolante sintetico che appartiene alla famiglia dei catinone. Strutturalmente, \u00e8 un derivato del pentedrone, con un gruppo etile attaccato all&#039;atomo di azoto. Questa modifica strutturale crea propriet\u00e0 uniche, rendendo il NEP un composto importante per gli studi scientifici nella ricerca chimica e farmacologica. In Chemagora, offriamo <strong>Polvere NEP<\/strong> con purezza e qualit\u00e0 ineguagliabili per garantire risultati precisi e costanti.<\/p>\t\t\t\t\t\t\t\t<\/div>\n\t\t\t\t<\/div>\n\t\t\t\t\t<\/div>\n\t\t<\/div>\n\t\t\t\t\t<\/div>\n\t\t<\/section>\n\t\t\t\t<section class=\"elementor-section elementor-top-section elementor-element elementor-element-61adb7e elementor-section-boxed elementor-section-height-default elementor-section-height-default\" data-id=\"61adb7e\" data-element_type=\"section\" data-e-type=\"section\" data-settings=\"{&quot;background_background&quot;:&quot;classic&quot;}\">\n\t\t\t\t\t\t<div class=\"elementor-container elementor-column-gap-no\">\n\t\t\t\t\t<div class=\"elementor-column elementor-col-33 elementor-top-column elementor-element elementor-element-aa02186\" data-id=\"aa02186\" data-element_type=\"column\" data-e-type=\"column\">\n\t\t\t<div class=\"elementor-widget-wrap elementor-element-populated\">\n\t\t\t\t\t\t<div class=\"elementor-element elementor-element-7c48cd6 elementor-widget elementor-widget-heading\" data-id=\"7c48cd6\" data-element_type=\"widget\" data-e-type=\"widget\" data-widget_type=\"heading.default\">\n\t\t\t\t<div class=\"elementor-widget-container\">\n\t\t\t\t\t<h2 class=\"elementor-heading-title elementor-size-default\">Informazioni chimiche<\/h2>\t\t\t\t<\/div>\n\t\t\t\t<\/div>\n\t\t\t\t<div class=\"elementor-element elementor-element-070007a elementor-widget elementor-widget-text-editor\" data-id=\"070007a\" data-element_type=\"widget\" data-e-type=\"widget\" data-widget_type=\"text-editor.default\">\n\t\t\t\t<div class=\"elementor-widget-container\">\n\t\t\t\t\t\t\t\t\t<ul><li><strong>Nome chimico:<\/strong> N-etilpentedrone<\/li><li><strong>Numero CAS:<\/strong> 18268-16-1<\/li><li><strong>Formula molecolare:<\/strong> C13H19NO<\/li><li><strong>Massa molare:<\/strong> 205,3 g\/mol<\/li><li><strong>Nome IUPAC:<\/strong> 2-(etilammino)-1-fenilpentan-1-one<\/li><\/ul>\t\t\t\t\t\t\t\t<\/div>\n\t\t\t\t<\/div>\n\t\t\t\t\t<\/div>\n\t\t<\/div>\n\t\t\t\t<div class=\"elementor-column elementor-col-33 elementor-top-column elementor-element elementor-element-eada132\" data-id=\"eada132\" data-element_type=\"column\" data-e-type=\"column\">\n\t\t\t<div class=\"elementor-widget-wrap elementor-element-populated\">\n\t\t\t\t\t\t<div class=\"elementor-element elementor-element-dab9e86 elementor-widget elementor-widget-heading\" data-id=\"dab9e86\" data-element_type=\"widget\" data-e-type=\"widget\" data-widget_type=\"heading.default\">\n\t\t\t\t<div class=\"elementor-widget-container\">\n\t\t\t\t\t<h2 class=\"elementor-heading-title elementor-size-default\">Propriet\u00e0 fisiche e chimiche<\/h2>\t\t\t\t<\/div>\n\t\t\t\t<\/div>\n\t\t\t\t<div class=\"elementor-element elementor-element-7debe29 elementor-widget elementor-widget-text-editor\" data-id=\"7debe29\" data-element_type=\"widget\" data-e-type=\"widget\" data-widget_type=\"text-editor.default\">\n\t\t\t\t<div class=\"elementor-widget-container\">\n\t\t\t\t\t\t\t\t\t<ul><li><strong>Modulo:<\/strong> Polvere bianca<\/li><li><strong>Purezza:<\/strong> \u226599% (verificato in laboratorio)<\/li><li><strong>Punto di fusione:<\/strong> Temperatura ~120\u2013125\u00b0C<\/li><li><strong>Solubilit\u00e0:<\/strong> Solubile in acqua, etanolo e metanolo<\/li><li><strong>Stabilit\u00e0:<\/strong> Stabile in condizioni di laboratorio standard<\/li><\/ul>\t\t\t\t\t\t\t\t<\/div>\n\t\t\t\t<\/div>\n\t\t\t\t\t<\/div>\n\t\t<\/div>\n\t\t\t\t<div class=\"elementor-column elementor-col-33 elementor-top-column elementor-element elementor-element-aba4be1\" data-id=\"aba4be1\" data-element_type=\"column\" data-e-type=\"column\">\n\t\t\t<div class=\"elementor-widget-wrap elementor-element-populated\">\n\t\t\t\t\t\t<div class=\"elementor-element elementor-element-4412252 elementor-widget elementor-widget-heading\" data-id=\"4412252\" data-element_type=\"widget\" data-e-type=\"widget\" data-widget_type=\"heading.default\">\n\t\t\t\t<div class=\"elementor-widget-container\">\n\t\t\t\t\t<h2 class=\"elementor-heading-title elementor-size-default\">Dati analitici<\/h2>\t\t\t\t<\/div>\n\t\t\t\t<\/div>\n\t\t\t\t<div class=\"elementor-element elementor-element-da60206 elementor-widget elementor-widget-text-editor\" data-id=\"da60206\" data-element_type=\"widget\" data-e-type=\"widget\" data-widget_type=\"text-editor.default\">\n\t\t\t\t<div class=\"elementor-widget-container\">\n\t\t\t\t\t\t\t\t\t<ul><li><strong>NMR (Risonanza Magnetica Nucleare):<\/strong> Conferma la struttura molecolare e la coerenza<\/li><li><strong>MS (spettrometria di massa):<\/strong> Corrisponde al peso molecolare di 205,3 g\/mol<\/li><li><strong>FTIR (spettroscopia infrarossa a trasformata di Fourier):<\/strong> Corrisponde agli spettri di riferimento standard<\/li><\/ul>\t\t\t\t\t\t\t\t<\/div>\n\t\t\t\t<\/div>\n\t\t\t\t\t<\/div>\n\t\t<\/div>\n\t\t\t\t\t<\/div>\n\t\t<\/section>\n\t\t\t\t<section class=\"elementor-section elementor-top-section elementor-element elementor-element-fcb2eb2 elementor-section-boxed elementor-section-height-default elementor-section-height-default\" data-id=\"fcb2eb2\" data-element_type=\"section\" data-e-type=\"section\">\n\t\t\t\t\t\t<div class=\"elementor-container elementor-column-gap-no\">\n\t\t\t\t\t<div class=\"elementor-column elementor-col-100 elementor-top-column elementor-element elementor-element-81e2639\" data-id=\"81e2639\" data-element_type=\"column\" data-e-type=\"column\">\n\t\t\t<div class=\"elementor-widget-wrap elementor-element-populated\">\n\t\t\t\t\t\t<div class=\"elementor-element elementor-element-fc3a650 elementor-widget elementor-widget-heading\" data-id=\"fc3a650\" data-element_type=\"widget\" data-e-type=\"widget\" data-widget_type=\"heading.default\">\n\t\t\t\t<div class=\"elementor-widget-container\">\n\t\t\t\t\t<h2 class=\"elementor-heading-title elementor-size-default\">Perch\u00e9 scegliere Chemagora per la tua polvere NEP?<\/h2>\t\t\t\t<\/div>\n\t\t\t\t<\/div>\n\t\t\t\t<div class=\"elementor-element elementor-element-bca21b8 elementor-widget elementor-widget-text-editor\" data-id=\"bca21b8\" data-element_type=\"widget\" data-e-type=\"widget\" data-widget_type=\"text-editor.default\">\n\t\t\t\t<div class=\"elementor-widget-container\">\n\t\t\t\t\t\t\t\t\t<h4><strong>1. Purezza superiore<\/strong><\/h4><p>Nostro <strong>Polvere NEP<\/strong> \u00e8 meticolosamente testato in laboratorio per garantire <strong>Purezza \u226599%<\/strong>, assicurandone l&#039;assenza di contaminanti e la perfetta riuscita della ricerca avanzata.<\/p><h4><strong>2. Forma di polvere fine<\/strong><\/h4><p>La polvere fine garantisce una facile manipolazione, misurazioni accurate e applicazioni affidabili nei vostri esperimenti di laboratorio.<\/p><h4><strong>3. Scelto dai ricercatori di tutta Europa<\/strong><\/h4><p>Da Berlino ad Amsterdam, da Madrid a Parigi, Chemagora \u00e8 un fornitore affidabile per i professionisti della ricerca in tutta Europa. La nostra reputazione di affidabilit\u00e0 e qualit\u00e0 ci rende la scelta migliore.<\/p><h4><strong>4. Spedizione veloce e sicura<\/strong><\/h4><p>Diamo priorit\u00e0 alla consegna rapida e all&#039;imballaggio discreto per garantire che il tuo ordine arrivi in tutta sicurezza, ovunque tu ti trovi in Europa.<\/p><h4><strong>5. Assistenza clienti esperta<\/strong><\/h4><p>Il nostro team competente \u00e8 a disposizione per rispondere a qualsiasi richiesta, assicurando che la tua esperienza con Chemagora sia impeccabile e soddisfacente.<\/p>\t\t\t\t\t\t\t\t<\/div>\n\t\t\t\t<\/div>\n\t\t\t\t<div class=\"elementor-element elementor-element-91c715a elementor-widget elementor-widget-heading\" data-id=\"91c715a\" data-element_type=\"widget\" data-e-type=\"widget\" data-widget_type=\"heading.default\">\n\t\t\t\t<div class=\"elementor-widget-container\">\n\t\t\t\t\t<h2 class=\"elementor-heading-title elementor-size-default\">Conformit\u00e0 legale<\/h2>\t\t\t\t<\/div>\n\t\t\t\t<\/div>\n\t\t\t\t<div class=\"elementor-element elementor-element-b8e87f2 elementor-widget elementor-widget-text-editor\" data-id=\"b8e87f2\" data-element_type=\"widget\" data-e-type=\"widget\" data-widget_type=\"text-editor.default\">\n\t\t\t\t<div class=\"elementor-widget-container\">\n\t\t\t\t\t\t\t\t\t<p>Lo stato giuridico di <strong>Polvere NEP<\/strong> varia a seconda del paese. \u00c8 responsabilit\u00e0 dell&#039;acquirente garantire la conformit\u00e0 a tutte le leggi e normative locali prima di acquistare o utilizzare questo prodotto.<\/p>\t\t\t\t\t\t\t\t<\/div>\n\t\t\t\t<\/div>\n\t\t\t\t<div class=\"elementor-element elementor-element-a9bf110 elementor-alert-info elementor-widget elementor-widget-alert\" data-id=\"a9bf110\" data-element_type=\"widget\" data-e-type=\"widget\" data-widget_type=\"alert.default\">\n\t\t\t\t<div class=\"elementor-widget-container\">\n\t\t\t\t\t\t\t<div class=\"elementor-alert\" role=\"alert\">\n\n\t\t\t\t\t\t<span class=\"elementor-alert-title\">Disclaimer<\/span>\n\t\t\t\n\t\t\t\t\t\t<span class=\"elementor-alert-description\">Questo prodotto \u00e8 destinato esclusivamente a scopi di ricerca e analisi. Non \u00e8 destinato al consumo umano o animale in nessuna circostanza.<\/span>\n\t\t\t\n\t\t\t\t\t\t<button type=\"button\" class=\"elementor-alert-dismiss\" aria-label=\"Dismiss this alert.\">\n\t\t\t\t\t\t\t\t\t<span aria-hidden=\"true\">\u00d7<\/span>\n\t\t\t\t\t\t\t<\/button>\n\t\t\t\n\t\t<\/div>\n\t\t\t\t\t\t<\/div>\n\t\t\t\t<\/div>\n\t\t\t\t<div class=\"elementor-element elementor-element-7e3026d elementor-widget elementor-widget-heading\" data-id=\"7e3026d\" data-element_type=\"widget\" data-e-type=\"widget\" data-widget_type=\"heading.default\">\n\t\t\t\t<div class=\"elementor-widget-container\">\n\t\t\t\t\t<h2 class=\"elementor-heading-title elementor-size-default\">Ordina oggi stesso la tua polvere NEP<\/h2>\t\t\t\t<\/div>\n\t\t\t\t<\/div>\n\t\t\t\t<div class=\"elementor-element elementor-element-e21bf66 elementor-widget elementor-widget-text-editor\" data-id=\"e21bf66\" data-element_type=\"widget\" data-e-type=\"widget\" data-widget_type=\"text-editor.default\">\n\t\t\t\t<div class=\"elementor-widget-container\">\n\t\t\t\t\t\t\t\t\t<p>Fai progredire la tua ricerca con Chemagora <strong>Polvere NEP ad alta purezza<\/strong>. Utilizzati da laboratori e scienziati in tutta Europa, i nostri prodotti offrono l&#039;affidabilit\u00e0, la precisione e la coerenza di cui hai bisogno per esperimenti di successo.<\/p>\t\t\t\t\t\t\t\t<\/div>\n\t\t\t\t<\/div>\n\t\t\t\t\t<\/div>\n\t\t<\/div>\n\t\t\t\t\t<\/div>\n\t\t<\/section>\n\t\t\t\t<\/div>","protected":false},"excerpt":{"rendered":"<p>Prodotto chimico di ricerca accuratamente testato, conforme, affidabile e consegnato con precisione e cura.<\/p>","protected":false},"featured_media":1982,"comment_status":"open","ping_status":"closed","template":"","meta":{"inline_featured_image":false},"etheme_brands":[],"product_brand":[],"product_cat":[79],"product_tag":[83,84,80,82,81,48],"class_list":{"0":"post-500","1":"product","2":"type-product","3":"status-publish","4":"has-post-thumbnail","6":"product_cat-nep","7":"product_tag-buy-nep","8":"product_tag-buy-pentedrone","9":"product_tag-nep","10":"product_tag-nep-powder","11":"product_tag-pentedrone","12":"product_tag-research-chemicals","14":"first","15":"instock","16":"shipping-taxable","17":"purchasable","18":"product-type-variable"},"_links":{"self":[{"href":"https:\/\/chemagora.eu\/it\/wp-json\/wp\/v2\/product\/500","targetHints":{"allow":["GET"]}}],"collection":[{"href":"https:\/\/chemagora.eu\/it\/wp-json\/wp\/v2\/product"}],"about":[{"href":"https:\/\/chemagora.eu\/it\/wp-json\/wp\/v2\/types\/product"}],"replies":[{"embeddable":true,"href":"https:\/\/chemagora.eu\/it\/wp-json\/wp\/v2\/comments?post=500"}],"version-history":[{"count":0,"href":"https:\/\/chemagora.eu\/it\/wp-json\/wp\/v2\/product\/500\/revisions"}],"wp:featuredmedia":[{"embeddable":true,"href":"https:\/\/chemagora.eu\/it\/wp-json\/wp\/v2\/media\/1982"}],"wp:attachment":[{"href":"https:\/\/chemagora.eu\/it\/wp-json\/wp\/v2\/media?parent=500"}],"wp:term":[{"taxonomy":"brand","embeddable":true,"href":"https:\/\/chemagora.eu\/it\/wp-json\/wp\/v2\/etheme_brands?post=500"},{"taxonomy":"product_brand","embeddable":true,"href":"https:\/\/chemagora.eu\/it\/wp-json\/wp\/v2\/product_brand?post=500"},{"taxonomy":"product_cat","embeddable":true,"href":"https:\/\/chemagora.eu\/it\/wp-json\/wp\/v2\/product_cat?post=500"},{"taxonomy":"product_tag","embeddable":true,"href":"https:\/\/chemagora.eu\/it\/wp-json\/wp\/v2\/product_tag?post=500"}],"curies":[{"name":"wp","href":"https:\/\/api.w.org\/{rel}","templated":true}]}}