{"id":504,"date":"2022-10-06T11:29:10","date_gmt":"2022-10-06T11:29:10","guid":{"rendered":"https:\/\/xstore.8theme.com\/elementor\/demos\/hemp-and-cbd\/?post_type=product&#038;p=504"},"modified":"2025-01-24T22:18:12","modified_gmt":"2025-01-24T22:18:12","slug":"nepkristal","status":"publish","type":"product","link":"https:\/\/chemagora.eu\/nl\/product\/nepkristal\/","title":{"rendered":"NEP (Pentedrone) Kristal"},"content":{"rendered":"<div data-elementor-type=\"wp-post\" data-elementor-id=\"504\" class=\"elementor elementor-504\" data-elementor-post-type=\"product\">\n\t\t\t\t\t\t<section class=\"elementor-section elementor-top-section elementor-element elementor-element-240c52f elementor-section-boxed elementor-section-height-default elementor-section-height-default\" data-id=\"240c52f\" data-element_type=\"section\" data-e-type=\"section\">\n\t\t\t\t\t\t<div class=\"elementor-container elementor-column-gap-no\">\n\t\t\t\t\t<div class=\"elementor-column elementor-col-100 elementor-top-column elementor-element elementor-element-b19b6c3\" data-id=\"b19b6c3\" data-element_type=\"column\" data-e-type=\"column\">\n\t\t\t<div class=\"elementor-widget-wrap elementor-element-populated\">\n\t\t\t\t\t\t<div class=\"elementor-element elementor-element-85291e2 elementor-widget elementor-widget-heading\" data-id=\"85291e2\" data-element_type=\"widget\" data-e-type=\"widget\" data-widget_type=\"heading.default\">\n\t\t\t\t<div class=\"elementor-widget-container\">\n\t\t\t\t\t<h2 class=\"elementor-heading-title elementor-size-default\">Koop NEP Kristallen Online | Hoogzuivere Onderzoekschemicali\u00ebn van Chemagora<\/h2>\t\t\t\t<\/div>\n\t\t\t\t<\/div>\n\t\t\t\t<div class=\"elementor-element elementor-element-0082dc6 elementor-widget elementor-widget-text-editor\" data-id=\"0082dc6\" data-element_type=\"widget\" data-e-type=\"widget\" data-widget_type=\"text-editor.default\">\n\t\t\t\t<div class=\"elementor-widget-container\">\n\t\t\t\t\t\t\t\t\t<p>Op zoek naar topkwaliteit <strong>N-Ethylpentedrone (NEP)-kristallen<\/strong> voor uw onderzoek? <a href=\"https:\/\/chemagora.eu\/nl\/winkel\/\">Chemagora<\/a> is uw betrouwbare partner, die hoogzuivere onderzoekschemicali\u00ebn levert aan laboratoria in heel Europa. Met snelle levering, uitstekende klantenservice en een reputatie voor kwaliteit, zorgt Chemagora ervoor dat uw onderzoeksbehoeften met precisie worden vervuld.<\/p>\t\t\t\t\t\t\t\t<\/div>\n\t\t\t\t<\/div>\n\t\t\t\t<div class=\"elementor-element elementor-element-9131622 elementor-widget elementor-widget-heading\" data-id=\"9131622\" data-element_type=\"widget\" data-e-type=\"widget\" data-widget_type=\"heading.default\">\n\t\t\t\t<div class=\"elementor-widget-container\">\n\t\t\t\t\t<h2 class=\"elementor-heading-title elementor-size-default\">Wat is NEP (N-Ethylpentedrone)?<\/h2>\t\t\t\t<\/div>\n\t\t\t\t<\/div>\n\t\t\t\t<div class=\"elementor-element elementor-element-2c98a37 elementor-widget elementor-widget-text-editor\" data-id=\"2c98a37\" data-element_type=\"widget\" data-e-type=\"widget\" data-widget_type=\"text-editor.default\">\n\t\t\t\t<div class=\"elementor-widget-container\">\n\t\t\t\t\t\t\t\t\t<p><strong>N-Ethylpentedron (NEP)<\/strong> is een synthetisch stimulerend middel dat behoort tot de cathinonklasse. Het is het N-ethyl analoog van <a href=\"https:\/\/chemagora.eu\/nl\/product\/nep-powder\/\"  data-wpil-monitor-id=\"48\">pentedrone<\/a>met structurele modificaties die het unieke chemische en farmacologische eigenschappen geven. De kristallijne vorm van NEP maakt het ideaal voor nauwkeurige toepassingen in geavanceerd wetenschappelijk onderzoek. Chemagora zorgt ervoor dat onze <strong>NEP-kristallen<\/strong> voldoen aan de hoogste kwaliteits- en zuiverheidsnormen, waardoor ze een uitstekende keuze zijn voor laboratoriumonderzoek.<\/p>\t\t\t\t\t\t\t\t<\/div>\n\t\t\t\t<\/div>\n\t\t\t\t\t<\/div>\n\t\t<\/div>\n\t\t\t\t\t<\/div>\n\t\t<\/section>\n\t\t\t\t<section class=\"elementor-section elementor-top-section elementor-element elementor-element-f99b156 elementor-section-boxed elementor-section-height-default elementor-section-height-default\" data-id=\"f99b156\" data-element_type=\"section\" data-e-type=\"section\" data-settings=\"{&quot;background_background&quot;:&quot;classic&quot;}\">\n\t\t\t\t\t\t<div class=\"elementor-container elementor-column-gap-no\">\n\t\t\t\t\t<div class=\"elementor-column elementor-col-33 elementor-top-column elementor-element elementor-element-1c24370\" data-id=\"1c24370\" data-element_type=\"column\" data-e-type=\"column\">\n\t\t\t<div class=\"elementor-widget-wrap elementor-element-populated\">\n\t\t\t\t\t\t<div class=\"elementor-element elementor-element-9d0646f elementor-widget elementor-widget-heading\" data-id=\"9d0646f\" data-element_type=\"widget\" data-e-type=\"widget\" data-widget_type=\"heading.default\">\n\t\t\t\t<div class=\"elementor-widget-container\">\n\t\t\t\t\t<h2 class=\"elementor-heading-title elementor-size-default\">Chemische informatie<\/h2>\t\t\t\t<\/div>\n\t\t\t\t<\/div>\n\t\t\t\t<div class=\"elementor-element elementor-element-72028de elementor-widget elementor-widget-text-editor\" data-id=\"72028de\" data-element_type=\"widget\" data-e-type=\"widget\" data-widget_type=\"text-editor.default\">\n\t\t\t\t<div class=\"elementor-widget-container\">\n\t\t\t\t\t\t\t\t\t<ul><li><strong>Chemische naam:<\/strong> N-Ethylpentedron<\/li><li><strong>CAS-nummer:<\/strong> 18268-16-1<\/li><li><strong>Moleculaire formule:<\/strong> C13H19NEE<\/li><li><strong>Molaire massa:<\/strong> 205,3 gram\/mol<\/li><li><strong>IUPAC-naam:<\/strong> 2-(ethylamino)-1-fenylpentaan-1-on<\/li><\/ul>\t\t\t\t\t\t\t\t<\/div>\n\t\t\t\t<\/div>\n\t\t\t\t\t<\/div>\n\t\t<\/div>\n\t\t\t\t<div class=\"elementor-column elementor-col-33 elementor-top-column elementor-element elementor-element-3dd865a\" data-id=\"3dd865a\" data-element_type=\"column\" data-e-type=\"column\">\n\t\t\t<div class=\"elementor-widget-wrap elementor-element-populated\">\n\t\t\t\t\t\t<div class=\"elementor-element elementor-element-3fd28ee elementor-widget elementor-widget-heading\" data-id=\"3fd28ee\" data-element_type=\"widget\" data-e-type=\"widget\" data-widget_type=\"heading.default\">\n\t\t\t\t<div class=\"elementor-widget-container\">\n\t\t\t\t\t<h2 class=\"elementor-heading-title elementor-size-default\">Fysische en chemische eigenschappen<\/h2>\t\t\t\t<\/div>\n\t\t\t\t<\/div>\n\t\t\t\t<div class=\"elementor-element elementor-element-185ff03 elementor-widget elementor-widget-text-editor\" data-id=\"185ff03\" data-element_type=\"widget\" data-e-type=\"widget\" data-widget_type=\"text-editor.default\">\n\t\t\t\t<div class=\"elementor-widget-container\">\n\t\t\t\t\t\t\t\t\t<ul><li><strong>Formulier:<\/strong> Wit kristallijn poeder<\/li><li><strong>Zuiverheid:<\/strong> \u226599% (laboratorium geverifieerd)<\/li><li><strong>Smeltpunt:<\/strong> ~120\u2013125\u00b0C<\/li><li><strong>Oplosbaarheid:<\/strong> Oplosbaar in water, ethanol en methanol<\/li><li><strong>Stabiliteit:<\/strong> Stabiel onder standaard laboratoriumomstandigheden<\/li><\/ul>\t\t\t\t\t\t\t\t<\/div>\n\t\t\t\t<\/div>\n\t\t\t\t\t<\/div>\n\t\t<\/div>\n\t\t\t\t<div class=\"elementor-column elementor-col-33 elementor-top-column elementor-element elementor-element-b08f8d2\" data-id=\"b08f8d2\" data-element_type=\"column\" data-e-type=\"column\">\n\t\t\t<div class=\"elementor-widget-wrap elementor-element-populated\">\n\t\t\t\t\t\t<div class=\"elementor-element elementor-element-26a5751 elementor-widget elementor-widget-heading\" data-id=\"26a5751\" data-element_type=\"widget\" data-e-type=\"widget\" data-widget_type=\"heading.default\">\n\t\t\t\t<div class=\"elementor-widget-container\">\n\t\t\t\t\t<h2 class=\"elementor-heading-title elementor-size-default\">Analytische gegevens<\/h2>\t\t\t\t<\/div>\n\t\t\t\t<\/div>\n\t\t\t\t<div class=\"elementor-element elementor-element-af2baa7 elementor-widget elementor-widget-text-editor\" data-id=\"af2baa7\" data-element_type=\"widget\" data-e-type=\"widget\" data-widget_type=\"text-editor.default\">\n\t\t\t\t<div class=\"elementor-widget-container\">\n\t\t\t\t\t\t\t\t\t<ul><li><strong>NMR (Nucleaire Magnetische Resonantie):<\/strong> Bevestigt de moleculaire structuur en consistentie<\/li><li><strong>MS (Massaspectrometrie):<\/strong> Komt overeen met een moleculair gewicht van 205,3 g\/mol<\/li><li><strong>FTIR (Fourier Transform Infrarood Spectroscopie):<\/strong> Komt overeen met standaard referentiespectra<\/li><\/ul>\t\t\t\t\t\t\t\t<\/div>\n\t\t\t\t<\/div>\n\t\t\t\t\t<\/div>\n\t\t<\/div>\n\t\t\t\t\t<\/div>\n\t\t<\/section>\n\t\t\t\t<section class=\"elementor-section elementor-top-section elementor-element elementor-element-f0b63ae elementor-section-boxed elementor-section-height-default elementor-section-height-default\" data-id=\"f0b63ae\" data-element_type=\"section\" data-e-type=\"section\">\n\t\t\t\t\t\t<div class=\"elementor-container elementor-column-gap-no\">\n\t\t\t\t\t<div class=\"elementor-column elementor-col-100 elementor-top-column elementor-element elementor-element-1f118b8\" data-id=\"1f118b8\" data-element_type=\"column\" data-e-type=\"column\">\n\t\t\t<div class=\"elementor-widget-wrap elementor-element-populated\">\n\t\t\t\t\t\t<div class=\"elementor-element elementor-element-809b54d elementor-widget elementor-widget-heading\" data-id=\"809b54d\" data-element_type=\"widget\" data-e-type=\"widget\" data-widget_type=\"heading.default\">\n\t\t\t\t<div class=\"elementor-widget-container\">\n\t\t\t\t\t<h2 class=\"elementor-heading-title elementor-size-default\">Waarom Chemagora kiezen voor uw NEP-kristallen?<\/h2>\t\t\t\t<\/div>\n\t\t\t\t<\/div>\n\t\t\t\t<div class=\"elementor-element elementor-element-1461531 elementor-widget elementor-widget-text-editor\" data-id=\"1461531\" data-element_type=\"widget\" data-e-type=\"widget\" data-widget_type=\"text-editor.default\">\n\t\t\t\t<div class=\"elementor-widget-container\">\n\t\t\t\t\t\t\t\t\t<h4><strong>1. Onverzettelijke zuiverheid<\/strong><\/h4><p>Ons <strong>NEP-kristallen<\/strong> zijn in het lab getest om te garanderen <strong>\u226599% zuiverheid<\/strong>waardoor onderzoekers een schoon product van hoge kwaliteit krijgen dat vrij is van verontreinigingen.<\/p><h4><strong>2. Kristallijne vorm voor nauwkeurigheid<\/strong><\/h4><p>De kristallijne structuur zorgt voor eenvoudige hantering, precieze metingen en consistente toepassing, waardoor je betrouwbare resultaten krijgt in je onderzoek.<\/p><h4><strong>3. Vertrouwd door onderzoekers in heel Europa<\/strong><\/h4><p>Van Berlijn tot Amsterdam en van Madrid tot Parijs, Chemagora is de voorkeursleverancier voor onderzoeksprofessionals in heel Europa.<\/p><h4><strong>4. Snelle en veilige verzending<\/strong><\/h4><p>We begrijpen het belang van tijdige levering. Bestellingen worden snel verwerkt, discreet verpakt en veilig verzonden zodat ze veilig en op tijd aankomen.<\/p><h4><strong>5. Toegewijd ondersteuningsteam<\/strong><\/h4><p>Ons deskundige ondersteuningsteam staat klaar om vragen te beantwoorden, te helpen bij bestellingen en deskundig advies te geven, zodat alles soepel verloopt.<\/p>\t\t\t\t\t\t\t\t<\/div>\n\t\t\t\t<\/div>\n\t\t\t\t<div class=\"elementor-element elementor-element-aec29a7 elementor-widget elementor-widget-heading\" data-id=\"aec29a7\" data-element_type=\"widget\" data-e-type=\"widget\" data-widget_type=\"heading.default\">\n\t\t\t\t<div class=\"elementor-widget-container\">\n\t\t\t\t\t<h2 class=\"elementor-heading-title elementor-size-default\">Wettelijke naleving<\/h2>\t\t\t\t<\/div>\n\t\t\t\t<\/div>\n\t\t\t\t<div class=\"elementor-element elementor-element-1cf7154 elementor-widget elementor-widget-text-editor\" data-id=\"1cf7154\" data-element_type=\"widget\" data-e-type=\"widget\" data-widget_type=\"text-editor.default\">\n\t\t\t\t<div class=\"elementor-widget-container\">\n\t\t\t\t\t\t\t\t\t<p>De juridische status van <strong>NEP-kristallen<\/strong> verschilt per land. Kopers zijn verantwoordelijk voor het naleven van de lokale wet- en regelgeving voordat ze dit product kopen of gebruiken.<\/p>\t\t\t\t\t\t\t\t<\/div>\n\t\t\t\t<\/div>\n\t\t\t\t<div class=\"elementor-element elementor-element-1dfd2b5 elementor-alert-info elementor-widget elementor-widget-alert\" data-id=\"1dfd2b5\" data-element_type=\"widget\" data-e-type=\"widget\" data-widget_type=\"alert.default\">\n\t\t\t\t<div class=\"elementor-widget-container\">\n\t\t\t\t\t\t\t<div class=\"elementor-alert\" role=\"alert\">\n\n\t\t\t\t\t\t<span class=\"elementor-alert-title\">Vrijwaring<\/span>\n\t\t\t\n\t\t\t\t\t\t<span class=\"elementor-alert-description\">Dit product is uitsluitend bedoeld voor onderzoeks- en analytische doeleinden. Het is onder geen enkele omstandigheid bedoeld voor menselijke of dierlijke consumptie.<\/span>\n\t\t\t\n\t\t\t\t\t\t<button type=\"button\" class=\"elementor-alert-dismiss\" aria-label=\"Zav\u0159\u00edt toto upozorn\u011bn\u00ed.\" data-no-translation-aria-label=\"\">\n\t\t\t\t\t\t\t\t\t<span aria-hidden=\"true\">\u00d7<\/span>\n\t\t\t\t\t\t\t<\/button>\n\t\t\t\n\t\t<\/div>\n\t\t\t\t\t\t<\/div>\n\t\t\t\t<\/div>\n\t\t\t\t<div class=\"elementor-element elementor-element-c0b5038 elementor-widget elementor-widget-heading\" data-id=\"c0b5038\" data-element_type=\"widget\" data-e-type=\"widget\" data-widget_type=\"heading.default\">\n\t\t\t\t<div class=\"elementor-widget-container\">\n\t\t\t\t\t<h2 class=\"elementor-heading-title elementor-size-default\">Bestel je NEP-kristallen vandaag<\/h2>\t\t\t\t<\/div>\n\t\t\t\t<\/div>\n\t\t\t\t<div class=\"elementor-element elementor-element-e96f746 elementor-widget elementor-widget-text-editor\" data-id=\"e96f746\" data-element_type=\"widget\" data-e-type=\"widget\" data-widget_type=\"text-editor.default\">\n\t\t\t\t<div class=\"elementor-widget-container\">\n\t\t\t\t\t\t\t\t\t<p>Optimaliseer uw onderzoek met Chemagora&#039;s <strong>hoogzuivere NEP-kristallen<\/strong>. Onze producten worden vertrouwd door onderzoekers in heel Europa en leveren kwaliteit, betrouwbaarheid en precisie.<\/p>\t\t\t\t\t\t\t\t<\/div>\n\t\t\t\t<\/div>\n\t\t\t\t\t<\/div>\n\t\t<\/div>\n\t\t\t\t\t<\/div>\n\t\t<\/section>\n\t\t\t\t<\/div>","protected":false},"excerpt":{"rendered":"<p>Nauwkeurig geteste onderzoekschemicali\u00ebn, conform, betrouwbaar en met precisie en zorg geleverd.<\/p>","protected":false},"featured_media":1958,"comment_status":"open","ping_status":"closed","template":"","meta":{"inline_featured_image":false},"etheme_brands":[],"product_brand":[],"product_cat":[79],"product_tag":[80],"class_list":{"0":"post-504","1":"product","2":"type-product","3":"status-publish","4":"has-post-thumbnail","6":"product_cat-nep","7":"product_tag-nep","9":"first","10":"instock","11":"shipping-taxable","12":"purchasable","13":"product-type-variable"},"_links":{"self":[{"href":"https:\/\/chemagora.eu\/nl\/wp-json\/wp\/v2\/product\/504","targetHints":{"allow":["GET"]}}],"collection":[{"href":"https:\/\/chemagora.eu\/nl\/wp-json\/wp\/v2\/product"}],"about":[{"href":"https:\/\/chemagora.eu\/nl\/wp-json\/wp\/v2\/types\/product"}],"replies":[{"embeddable":true,"href":"https:\/\/chemagora.eu\/nl\/wp-json\/wp\/v2\/comments?post=504"}],"version-history":[{"count":0,"href":"https:\/\/chemagora.eu\/nl\/wp-json\/wp\/v2\/product\/504\/revisions"}],"wp:featuredmedia":[{"embeddable":true,"href":"https:\/\/chemagora.eu\/nl\/wp-json\/wp\/v2\/media\/1958"}],"wp:attachment":[{"href":"https:\/\/chemagora.eu\/nl\/wp-json\/wp\/v2\/media?parent=504"}],"wp:term":[{"taxonomy":"brand","embeddable":true,"href":"https:\/\/chemagora.eu\/nl\/wp-json\/wp\/v2\/etheme_brands?post=504"},{"taxonomy":"product_brand","embeddable":true,"href":"https:\/\/chemagora.eu\/nl\/wp-json\/wp\/v2\/product_brand?post=504"},{"taxonomy":"product_cat","embeddable":true,"href":"https:\/\/chemagora.eu\/nl\/wp-json\/wp\/v2\/product_cat?post=504"},{"taxonomy":"product_tag","embeddable":true,"href":"https:\/\/chemagora.eu\/nl\/wp-json\/wp\/v2\/product_tag?post=504"}],"curies":[{"name":"wp","href":"https:\/\/api.w.org\/{rel}","templated":true}]}}